{"id":350409,"date":"2024-10-31T14:15:35","date_gmt":"2024-10-31T13:15:35","guid":{"rendered":"https:\/\/www.arclite-shop.de\/produkt\/02-4058075523098\/"},"modified":"2026-04-29T12:10:11","modified_gmt":"2026-04-29T10:10:11","slug":"02-4058075523098","status":"publish","type":"product","link":"https:\/\/www.arclite-shop.de\/es\/produkt\/02-4058075523098\/","title":{"rendered":"Peque\u00f1as l\u00e1mparas LED de bajo voltaje de 12 V con enchufe de adaptaci\u00f3n"},"content":{"rendered":"<p>Kleine 12 V-Niedervolt-LED-Lampen mit Retrofit-Stecksockel. Produkteigenschaften: Kompatibel mit vielen handels\u00fcblichen elektronischen Vorschaltger\u00e4ten (siehe auchKompatibilit\u00e4tsliste). LED-Alternative zu Niedervolthalogenlampen. Sockel: G4. Produktvorteile: Extrem kleine Bauform. Variabler Einsatz an Gleich- und Wechselspannung m\u00f6glich. Gute Rundum-Lichtausstrahlung. Ideal f\u00fcr den dekorativen und frei brennenden Einsatz. Lange Lebensdauer von bis zu 15.000 h. Drei Jahre Garantie. Anwendungsgebiete: Dekorative Anwendungen. F\u00fcr stimmungsvolle Lichtakzente in Wohnr\u00e4umen und Partykellern. Einsatz im Au\u00dfenbereich nur in geeigneten Au\u00dfenleuchten.<\/p>\n","protected":false},"excerpt":{"rendered":"<p>Kleine 12 V-Niedervolt-LED-Lampen mit Retrofit-Stecksockel. Produkteigenschaften: Kompatibel mit vielen handels\u00fcblichen elektronischen Vorschaltger\u00e4ten (siehe auchKompatibilit\u00e4tsliste). LED-Alternative zu Niedervolthalogenlampen. Sockel: G4. Produktvorteile: Extrem kleine Bauform. Variabler Einsatz an Gleich- und Wechselspannung m\u00f6glich. Gute Rundum-Lichtausstrahlung. Ideal f\u00fcr den dekorativen und frei brennenden Einsatz.<span class=\"excerpt-hellip\"> [\u2026]<\/span><\/p>\n","protected":false},"featured_media":366414,"template":"","meta":[],"product_brand":[],"product_cat":[87060],"product_tag":[],"class_list":{"0":"post-350409","1":"product","2":"type-product","3":"status-publish","4":"has-post-thumbnail","6":"product_cat-led-lampe-multi-led","8":"first","9":"outofstock","10":"taxable","11":"shipping-taxable","12":"product-type-simple"},"_links":{"self":[{"href":"https:\/\/www.arclite-shop.de\/es\/wp-json\/wp\/v2\/product\/350409","targetHints":{"allow":["GET"]}}],"collection":[{"href":"https:\/\/www.arclite-shop.de\/es\/wp-json\/wp\/v2\/product"}],"about":[{"href":"https:\/\/www.arclite-shop.de\/es\/wp-json\/wp\/v2\/types\/product"}],"wp:featuredmedia":[{"embeddable":true,"href":"https:\/\/www.arclite-shop.de\/es\/wp-json\/wp\/v2\/media\/366414"}],"wp:attachment":[{"href":"https:\/\/www.arclite-shop.de\/es\/wp-json\/wp\/v2\/media?parent=350409"}],"wp:term":[{"taxonomy":"product_brand","embeddable":true,"href":"https:\/\/www.arclite-shop.de\/es\/wp-json\/wp\/v2\/product_brand?post=350409"},{"taxonomy":"product_cat","embeddable":true,"href":"https:\/\/www.arclite-shop.de\/es\/wp-json\/wp\/v2\/product_cat?post=350409"},{"taxonomy":"product_tag","embeddable":true,"href":"https:\/\/www.arclite-shop.de\/es\/wp-json\/wp\/v2\/product_tag?post=350409"}],"curies":[{"name":"wp","href":"https:\/\/api.w.org\/{rel}","templated":true}]}}