{"id":350357,"date":"2024-10-31T14:14:58","date_gmt":"2024-10-31T13:14:58","guid":{"rendered":"https:\/\/www.arclite-shop.de\/produkt\/02-4058075478558\/"},"modified":"2026-04-17T21:43:31","modified_gmt":"2026-04-17T19:43:31","slug":"02-4058075478558","status":"publish","type":"product","link":"https:\/\/www.arclite-shop.de\/es\/produkt\/02-4058075478558\/","title":{"rendered":"Puntos decorativos para aplicaciones exteriores con tecnolog\u00eda WiFi"},"content":{"rendered":"<p>Dekorative Dots f\u00fcr Au\u00dfenanwendungen mit WiFi-Technologie. Produkteigenschaften: Steuerbar \u00fcber LEDVANCE SMART+ WiFi App (mit mindestens Android\u2122\ufe0f 4.4 oder iOS 10.0). Steuerung \u00fcber Google Assistant oder Amazon Alexa m\u00f6glich. RGB-Farbsteuerung, ca. 16 Mio. Farbm\u00f6glichkeiten einstellbar. Dimmbar. Schutzklasse (Dots): IP65. Schutzart (Netzteil): IP44. Erweiterung auf maximal 18 Dots. Produktvorteile: Einfache und schnelle Installation. Farbenreiche Gartenbeleuchtung mit smarten Steuerungsm\u00f6glichkeiten. Anwendungsgebiete: G\u00e4rten, Balkone und andere Au\u00dfenbereiche. Technische Ausstattung: Netzteil nur im Basis-Set enthalten. Steuerung \u00fcber App oder Sprachsteuerung erfordert kompatibles Smart-Home-System. F\u00fcr die Steuerung \u00fcber LEDVANCE SMART + WiFi App ist ein Smartphone oder Tablet erforderlich.<\/p>\n","protected":false},"excerpt":{"rendered":"<p>Dekorative Dots f\u00fcr Au\u00dfenanwendungen mit WiFi-Technologie. Produkteigenschaften: Steuerbar \u00fcber LEDVANCE SMART+ WiFi App (mit mindestens Android\u2122\ufe0f 4.4 oder iOS 10.0). Steuerung \u00fcber Google Assistant oder Amazon Alexa m\u00f6glich. RGB-Farbsteuerung, ca. 16 Mio. Farbm\u00f6glichkeiten einstellbar. Dimmbar. Schutzklasse (Dots): IP65. Schutzart (Netzteil):<span class=\"excerpt-hellip\"> [\u2026]<\/span><\/p>\n","protected":false},"featured_media":366478,"template":"","meta":[],"product_brand":[],"product_cat":[87123],"product_tag":[],"class_list":{"0":"post-350357","1":"product","2":"type-product","3":"status-publish","4":"has-post-thumbnail","6":"product_cat-wegeleuchte","8":"first","9":"instock","10":"taxable","11":"shipping-taxable","12":"product-type-simple"},"_links":{"self":[{"href":"https:\/\/www.arclite-shop.de\/es\/wp-json\/wp\/v2\/product\/350357","targetHints":{"allow":["GET"]}}],"collection":[{"href":"https:\/\/www.arclite-shop.de\/es\/wp-json\/wp\/v2\/product"}],"about":[{"href":"https:\/\/www.arclite-shop.de\/es\/wp-json\/wp\/v2\/types\/product"}],"wp:featuredmedia":[{"embeddable":true,"href":"https:\/\/www.arclite-shop.de\/es\/wp-json\/wp\/v2\/media\/366478"}],"wp:attachment":[{"href":"https:\/\/www.arclite-shop.de\/es\/wp-json\/wp\/v2\/media?parent=350357"}],"wp:term":[{"taxonomy":"product_brand","embeddable":true,"href":"https:\/\/www.arclite-shop.de\/es\/wp-json\/wp\/v2\/product_brand?post=350357"},{"taxonomy":"product_cat","embeddable":true,"href":"https:\/\/www.arclite-shop.de\/es\/wp-json\/wp\/v2\/product_cat?post=350357"},{"taxonomy":"product_tag","embeddable":true,"href":"https:\/\/www.arclite-shop.de\/es\/wp-json\/wp\/v2\/product_tag?post=350357"}],"curies":[{"name":"wp","href":"https:\/\/api.w.org\/{rel}","templated":true}]}}