{"id":350286,"date":"2024-10-31T14:14:09","date_gmt":"2024-10-31T13:14:09","guid":{"rendered":"https:\/\/www.arclite-shop.de\/produkt\/02-4058075452138\/"},"modified":"2026-04-17T23:48:12","modified_gmt":"2026-04-17T21:48:12","slug":"02-4058075452138","status":"publish","type":"product","link":"https:\/\/www.arclite-shop.de\/es\/produkt\/02-4058075452138\/","title":{"rendered":"Luminarias tubulares resistentes a la humedad con un grado de protecci\u00f3n extra, resistentes al amon\u00edaco y adecuadas para uso exterior"},"content":{"rendered":"<p>R\u00f6hrenf\u00f6rmige Feuchtraumleuchten mit extrahoher Schutzart, ammoniakbest\u00e4ndig und f\u00fcr den Au\u00dfeneinsatz geeignet. Produkteigenschaften: Ammoniakbest\u00e4ndig. Komplett geschlossenes Geh\u00e4use aus PMMA. Durchverdrahtungskabel bereits installiert. Schutzart: IP67 (DIN EN 60529), IP69K (ISO 20653:2013). Produktvorteile: Einfache Installation dank Montageklammern, die frei an der Leuchte positioniert werden k\u00f6nnen. Einfache Installation, werkzeugloser Anschluss. Gleichm\u00e4\u00dfige Lichtverteilung. Bis zu 55 % Energieersparnis (verglichen mit Leuchten, die Leuchtstofflampen verwenden). 5 Jahre Garantie. Anwendungsgebiete: Haltung von Nutztieren. Lebensmittelindustrie. Ungesch\u00fctzte Parkpl\u00e4tze und Unterf\u00fchrungen. Garagen. Werkst\u00e4tten, Fertigungsstra\u00dfen.<\/p>\n","protected":false},"excerpt":{"rendered":"<p>R\u00f6hrenf\u00f6rmige Feuchtraumleuchten mit extrahoher Schutzart, ammoniakbest\u00e4ndig und f\u00fcr den Au\u00dfeneinsatz geeignet. Produkteigenschaften: Ammoniakbest\u00e4ndig. Komplett geschlossenes Geh\u00e4use aus PMMA. Durchverdrahtungskabel bereits installiert. Schutzart: IP67 (DIN EN 60529), IP69K (ISO 20653:2013). Produktvorteile: Einfache Installation dank Montageklammern, die frei an der Leuchte positioniert<span class=\"excerpt-hellip\"> [\u2026]<\/span><\/p>\n","protected":false},"featured_media":366582,"template":"","meta":[],"product_brand":[],"product_cat":[87052],"product_tag":[],"class_list":{"0":"post-350286","1":"product","2":"type-product","3":"status-publish","4":"has-post-thumbnail","6":"product_cat-decken-wandleuchte","8":"first","9":"instock","10":"taxable","11":"shipping-taxable","12":"product-type-simple"},"_links":{"self":[{"href":"https:\/\/www.arclite-shop.de\/es\/wp-json\/wp\/v2\/product\/350286","targetHints":{"allow":["GET"]}}],"collection":[{"href":"https:\/\/www.arclite-shop.de\/es\/wp-json\/wp\/v2\/product"}],"about":[{"href":"https:\/\/www.arclite-shop.de\/es\/wp-json\/wp\/v2\/types\/product"}],"wp:featuredmedia":[{"embeddable":true,"href":"https:\/\/www.arclite-shop.de\/es\/wp-json\/wp\/v2\/media\/366582"}],"wp:attachment":[{"href":"https:\/\/www.arclite-shop.de\/es\/wp-json\/wp\/v2\/media?parent=350286"}],"wp:term":[{"taxonomy":"product_brand","embeddable":true,"href":"https:\/\/www.arclite-shop.de\/es\/wp-json\/wp\/v2\/product_brand?post=350286"},{"taxonomy":"product_cat","embeddable":true,"href":"https:\/\/www.arclite-shop.de\/es\/wp-json\/wp\/v2\/product_cat?post=350286"},{"taxonomy":"product_tag","embeddable":true,"href":"https:\/\/www.arclite-shop.de\/es\/wp-json\/wp\/v2\/product_tag?post=350286"}],"curies":[{"name":"wp","href":"https:\/\/api.w.org\/{rel}","templated":true}]}}