{"id":350265,"date":"2024-10-31T14:13:54","date_gmt":"2024-10-31T13:13:54","guid":{"rendered":"https:\/\/www.arclite-shop.de\/produkt\/02-4058075436787\/"},"modified":"2026-04-18T00:02:38","modified_gmt":"2026-04-17T22:02:38","slug":"02-4058075436787","status":"publish","type":"product","link":"https:\/\/www.arclite-shop.de\/es\/produkt\/02-4058075436787\/","title":{"rendered":"L\u00e1mparas LED con atenuaci\u00f3n de tres etapas"},"content":{"rendered":"<p>LED Lampen mit dreistufigem Dimmen. Produkteigenschaften: Dimmen in drei Stufen: 100 %, 45 % und 15 %. Steuerbar \u00fcber Standard-Wandschalter. Gute Lichtqualit\u00e4t; Farbwiedergabeindex Ra: \u2265 80. Quecksilberfreie Lampen. Produktvorteile: Einfaches 3-Stufen-Dimmen durch wiederholtes Bet\u00e4tigen des Lichtschalters. Einfache und kosteng\u00fcnstige Anwendung, kein Dimmer erforderlich. Geringer Energieverbrauch. Einfacher Lampenwechsel dank kompaktem Design. Sofort 100 % Licht, keine Aufw\u00e4rmzeit. Macht R\u00e4ume multi-funktional mit einstellbaren Lichtatmosph\u00e4ren. Anwendungsgebiete: \u00dcberall dort, wo Dimmen urspr\u00fcnglich nicht geplant war. Wohnr\u00e4ume. Gastronomie. Einsatz im Au\u00dfenbereich nur in geeigneten Au\u00dfenleuchten.<\/p>\n","protected":false},"excerpt":{"rendered":"<p>LED Lampen mit dreistufigem Dimmen. Produkteigenschaften: Dimmen in drei Stufen: 100 %, 45 % und 15 %. Steuerbar \u00fcber Standard-Wandschalter. Gute Lichtqualit\u00e4t; Farbwiedergabeindex Ra: \u2265 80. Quecksilberfreie Lampen. Produktvorteile: Einfaches 3-Stufen-Dimmen durch wiederholtes Bet\u00e4tigen des Lichtschalters. Einfache und kosteng\u00fcnstige Anwendung,<span class=\"excerpt-hellip\"> [\u2026]<\/span><\/p>\n","protected":false},"featured_media":366606,"template":"","meta":[],"product_brand":[],"product_cat":[87060],"product_tag":[],"class_list":{"0":"post-350265","1":"product","2":"type-product","3":"status-publish","4":"has-post-thumbnail","6":"product_cat-led-lampe-multi-led","8":"first","9":"outofstock","10":"taxable","11":"shipping-taxable","12":"product-type-simple"},"_links":{"self":[{"href":"https:\/\/www.arclite-shop.de\/es\/wp-json\/wp\/v2\/product\/350265","targetHints":{"allow":["GET"]}}],"collection":[{"href":"https:\/\/www.arclite-shop.de\/es\/wp-json\/wp\/v2\/product"}],"about":[{"href":"https:\/\/www.arclite-shop.de\/es\/wp-json\/wp\/v2\/types\/product"}],"wp:featuredmedia":[{"embeddable":true,"href":"https:\/\/www.arclite-shop.de\/es\/wp-json\/wp\/v2\/media\/366606"}],"wp:attachment":[{"href":"https:\/\/www.arclite-shop.de\/es\/wp-json\/wp\/v2\/media?parent=350265"}],"wp:term":[{"taxonomy":"product_brand","embeddable":true,"href":"https:\/\/www.arclite-shop.de\/es\/wp-json\/wp\/v2\/product_brand?post=350265"},{"taxonomy":"product_cat","embeddable":true,"href":"https:\/\/www.arclite-shop.de\/es\/wp-json\/wp\/v2\/product_cat?post=350265"},{"taxonomy":"product_tag","embeddable":true,"href":"https:\/\/www.arclite-shop.de\/es\/wp-json\/wp\/v2\/product_tag?post=350265"}],"curies":[{"name":"wp","href":"https:\/\/api.w.org\/{rel}","templated":true}]}}