{"id":350257,"date":"2024-10-31T14:13:49","date_gmt":"2024-10-31T13:13:49","guid":{"rendered":"https:\/\/www.arclite-shop.de\/produkt\/02-4058075436084\/"},"modified":"2026-04-18T00:03:26","modified_gmt":"2026-04-17T22:03:26","slug":"02-4058075436084","status":"publish","type":"product","link":"https:\/\/www.arclite-shop.de\/es\/produkt\/02-4058075436084\/","title":{"rendered":"Tiras LED blancas ajustables de 2000 lm\/m para aplicaciones profesionales con muy buen renderizado de color y vida \u00fatil"},"content":{"rendered":"<p>Tunable White LED-B\u00e4nder mit 2000 lm\/m f\u00fcr professionelle Anwendungen mit sehr guter Farbwiedergabe und Lebensdauer. Produkteigenschaften: Farbtemperatur \u00fcber Tunable White einstellbar: 2.700\u20266.500 K. Kleinste teilbare Einheit: 100 mm. Lebensdauer (L70\/B50): bis zu 50.000 h bei T c max. \u2264 85\u00b0C. Dimmbar durch Pulsweitenmodulation (PWM). Kompatibel mit LEDVANCE Tunable White RF Funksteuerkomponenten. Sehr gute Farbwiedergabeindex Ra: &gt; 90. Produktvorteile: Gro\u00dfe Designfreiheit dank langer, flexible TW-LED-Lichtb\u00e4nder. Einfache Installation, werkzeugloser Anschluss. Einfache Montage durch selbstklebendes Klebeband. Maximale Flexibilit\u00e4t dank gro\u00dfer Auswahl an Zubeh\u00f6r. Einfacher Anschluss durch beidseitig integrierte Kabel. Anwendungsgebiete: Voutenbeleuchtung. Hotels. B\u00fcros. Allgemeinbeleuchtung.<\/p>\n","protected":false},"excerpt":{"rendered":"<p>Tunable White LED-B\u00e4nder mit 2000 lm\/m f\u00fcr professionelle Anwendungen mit sehr guter Farbwiedergabe und Lebensdauer. Produkteigenschaften: Farbtemperatur \u00fcber Tunable White einstellbar: 2.700\u20266.500 K. Kleinste teilbare Einheit: 100 mm. Lebensdauer (L70\/B50): bis zu 50.000 h bei T c max. \u2264 85\u00b0C.<span class=\"excerpt-hellip\"> [\u2026]<\/span><\/p>\n","protected":false},"featured_media":366612,"template":"","meta":[],"product_brand":[],"product_cat":[87128],"product_tag":[],"class_list":{"0":"post-350257","1":"product","2":"type-product","3":"status-publish","4":"has-post-thumbnail","6":"product_cat-lichtschlauch-band","8":"first","9":"instock","10":"taxable","11":"shipping-taxable","12":"product-type-simple"},"_links":{"self":[{"href":"https:\/\/www.arclite-shop.de\/es\/wp-json\/wp\/v2\/product\/350257","targetHints":{"allow":["GET"]}}],"collection":[{"href":"https:\/\/www.arclite-shop.de\/es\/wp-json\/wp\/v2\/product"}],"about":[{"href":"https:\/\/www.arclite-shop.de\/es\/wp-json\/wp\/v2\/types\/product"}],"wp:featuredmedia":[{"embeddable":true,"href":"https:\/\/www.arclite-shop.de\/es\/wp-json\/wp\/v2\/media\/366612"}],"wp:attachment":[{"href":"https:\/\/www.arclite-shop.de\/es\/wp-json\/wp\/v2\/media?parent=350257"}],"wp:term":[{"taxonomy":"product_brand","embeddable":true,"href":"https:\/\/www.arclite-shop.de\/es\/wp-json\/wp\/v2\/product_brand?post=350257"},{"taxonomy":"product_cat","embeddable":true,"href":"https:\/\/www.arclite-shop.de\/es\/wp-json\/wp\/v2\/product_cat?post=350257"},{"taxonomy":"product_tag","embeddable":true,"href":"https:\/\/www.arclite-shop.de\/es\/wp-json\/wp\/v2\/product_tag?post=350257"}],"curies":[{"name":"wp","href":"https:\/\/api.w.org\/{rel}","templated":true}]}}