{"id":350237,"date":"2024-10-31T14:13:34","date_gmt":"2024-10-31T13:13:34","guid":{"rendered":"https:\/\/www.arclite-shop.de\/produkt\/02-4058075433984\/"},"modified":"2026-04-18T00:10:18","modified_gmt":"2026-04-17T22:10:18","slug":"02-4058075433984","status":"publish","type":"product","link":"https:\/\/www.arclite-shop.de\/es\/produkt\/02-4058075433984\/","title":{"rendered":"L\u00e1mparas LED de colores, forma cl\u00e1sica de bombilla, con base de rosca"},"content":{"rendered":"<p>Farbige LED-Lampen, klassische Kolbenform, mit Schraubsockel. Produkteigenschaften: LED-Lampen f\u00fcr Netzspannung. G\u00e4ngige Gl\u00fchlampen-Form. Sockel: E27. Nicht f\u00fcr den Betrieb an Dimmern geeignet. Quecksilberfreie Lampen. Produktvorteile: Sehr geringer Energieverbrauch. Sehr lange Lebensdauer. Einfacher Austausch gegen herk\u00f6mmliche Gl\u00fchlampen. Geringe W\u00e4rmeentwicklung. F\u00fcr Innen- und Au\u00dfenanwendung geeignet. Anwendungsgebiete: Innenbeleuchtung, Terrassen, Bierg\u00e4rten und Gastst\u00e4tten. Energiesparend und wartungsarm in Festzelten und Freizeitparks. Lichterketten. Einsatz im Au\u00dfenbereich nur in geeigneten Au\u00dfenleuchten.<\/p>\n","protected":false},"excerpt":{"rendered":"<p>Farbige LED-Lampen, klassische Kolbenform, mit Schraubsockel. Produkteigenschaften: LED-Lampen f\u00fcr Netzspannung. G\u00e4ngige Gl\u00fchlampen-Form. Sockel: E27. Nicht f\u00fcr den Betrieb an Dimmern geeignet. Quecksilberfreie Lampen. Produktvorteile: Sehr geringer Energieverbrauch. Sehr lange Lebensdauer. Einfacher Austausch gegen herk\u00f6mmliche Gl\u00fchlampen. Geringe W\u00e4rmeentwicklung. F\u00fcr Innen- und<span class=\"excerpt-hellip\"> [\u2026]<\/span><\/p>\n","protected":false},"featured_media":366642,"template":"","meta":[],"product_brand":[],"product_cat":[87060],"product_tag":[],"class_list":{"0":"post-350237","1":"product","2":"type-product","3":"status-publish","4":"has-post-thumbnail","6":"product_cat-led-lampe-multi-led","8":"first","9":"instock","10":"taxable","11":"shipping-taxable","12":"product-type-simple"},"_links":{"self":[{"href":"https:\/\/www.arclite-shop.de\/es\/wp-json\/wp\/v2\/product\/350237","targetHints":{"allow":["GET"]}}],"collection":[{"href":"https:\/\/www.arclite-shop.de\/es\/wp-json\/wp\/v2\/product"}],"about":[{"href":"https:\/\/www.arclite-shop.de\/es\/wp-json\/wp\/v2\/types\/product"}],"wp:featuredmedia":[{"embeddable":true,"href":"https:\/\/www.arclite-shop.de\/es\/wp-json\/wp\/v2\/media\/366642"}],"wp:attachment":[{"href":"https:\/\/www.arclite-shop.de\/es\/wp-json\/wp\/v2\/media?parent=350237"}],"wp:term":[{"taxonomy":"product_brand","embeddable":true,"href":"https:\/\/www.arclite-shop.de\/es\/wp-json\/wp\/v2\/product_brand?post=350237"},{"taxonomy":"product_cat","embeddable":true,"href":"https:\/\/www.arclite-shop.de\/es\/wp-json\/wp\/v2\/product_cat?post=350237"},{"taxonomy":"product_tag","embeddable":true,"href":"https:\/\/www.arclite-shop.de\/es\/wp-json\/wp\/v2\/product_tag?post=350237"}],"curies":[{"name":"wp","href":"https:\/\/api.w.org\/{rel}","templated":true}]}}