{"id":350232,"date":"2024-10-31T14:13:31","date_gmt":"2024-10-31T13:13:31","guid":{"rendered":"https:\/\/www.arclite-shop.de\/produkt\/02-4058075433441\/"},"modified":"2026-04-18T00:12:53","modified_gmt":"2026-04-17T22:12:53","slug":"02-4058075433441","status":"publish","type":"product","link":"https:\/\/www.arclite-shop.de\/es\/produkt\/02-4058075433441\/","title":{"rendered":"Bombillas LED planas con base GX53"},"content":{"rendered":"<p>Flache LED-Lampen mit GX53 Sockel. Produkteigenschaften: Direkter Betrieb mit 230-V-Netzspannung. Hohe Farbkonsistenz: \u2264 6 SDCM (Schwellwerteinheit). Nicht dimmbar. Schutzart: IP20. Sehr lange mittlere Lebensdauer: 15.000 h (15 Jahre bei 2,7 h pro Tag). Produktvorteile: Kompakte Abmessungen. Einfache Installation. Ausgezeichnete Lichtausbeute. Gute Lichtqualit\u00e4t. Geringes Gewicht und niedrige Einbauh\u00f6he. Drei Jahre Garantie. Anwendungsgebiete: Fl\u00e4chenbeleuchtung. Als Downlight zur Markierung von G\u00e4ngen, T\u00fcren, Treppen, etc.. Hintergrundbeleuchtung. Anwendungen im Haushalt. Eingangsbeleuchtung. Ausstellungen, Kaufh\u00e4user. Nur f\u00fcr Innenraumbeleuchtung. K\u00fcchenbeleuchtung. Einsatz im Au\u00dfenbereich nur in geeigneten Au\u00dfenleuchten.<\/p>\n","protected":false},"excerpt":{"rendered":"<p>Flache LED-Lampen mit GX53 Sockel. Produkteigenschaften: Direkter Betrieb mit 230-V-Netzspannung. Hohe Farbkonsistenz: \u2264 6 SDCM (Schwellwerteinheit). Nicht dimmbar. Schutzart: IP20. Sehr lange mittlere Lebensdauer: 15.000 h (15 Jahre bei 2,7 h pro Tag). Produktvorteile: Kompakte Abmessungen. Einfache Installation. Ausgezeichnete Lichtausbeute.<span class=\"excerpt-hellip\"> [\u2026]<\/span><\/p>\n","protected":false},"featured_media":366658,"template":"","meta":[],"product_brand":[],"product_cat":[87060],"product_tag":[],"class_list":{"0":"post-350232","1":"product","2":"type-product","3":"status-publish","4":"has-post-thumbnail","6":"product_cat-led-lampe-multi-led","8":"first","9":"instock","10":"taxable","11":"shipping-taxable","12":"product-type-simple"},"_links":{"self":[{"href":"https:\/\/www.arclite-shop.de\/es\/wp-json\/wp\/v2\/product\/350232","targetHints":{"allow":["GET"]}}],"collection":[{"href":"https:\/\/www.arclite-shop.de\/es\/wp-json\/wp\/v2\/product"}],"about":[{"href":"https:\/\/www.arclite-shop.de\/es\/wp-json\/wp\/v2\/types\/product"}],"wp:featuredmedia":[{"embeddable":true,"href":"https:\/\/www.arclite-shop.de\/es\/wp-json\/wp\/v2\/media\/366658"}],"wp:attachment":[{"href":"https:\/\/www.arclite-shop.de\/es\/wp-json\/wp\/v2\/media?parent=350232"}],"wp:term":[{"taxonomy":"product_brand","embeddable":true,"href":"https:\/\/www.arclite-shop.de\/es\/wp-json\/wp\/v2\/product_brand?post=350232"},{"taxonomy":"product_cat","embeddable":true,"href":"https:\/\/www.arclite-shop.de\/es\/wp-json\/wp\/v2\/product_cat?post=350232"},{"taxonomy":"product_tag","embeddable":true,"href":"https:\/\/www.arclite-shop.de\/es\/wp-json\/wp\/v2\/product_tag?post=350232"}],"curies":[{"name":"wp","href":"https:\/\/api.w.org\/{rel}","templated":true}]}}