{"id":350129,"date":"2024-10-31T14:12:19","date_gmt":"2024-10-31T13:12:19","guid":{"rendered":"https:\/\/www.arclite-shop.de\/produkt\/02-4058075399624\/"},"modified":"2026-04-18T02:30:44","modified_gmt":"2026-04-18T00:30:44","slug":"02-4058075399624","status":"publish","type":"product","link":"https:\/\/www.arclite-shop.de\/es\/produkt\/02-4058075399624\/","title":{"rendered":"Luminarias con dos temperaturas de color ajustables mediante interruptor de pared"},"content":{"rendered":"<p>Leuchten mit zwei einstellbaren Farbtemperaturen \u00fcber Wandschalter. Produkteigenschaften: Farbtemperatur \u00fcber Wandschalter w\u00e4hlbar (3000 K, 4000 K). Schutzart: IP44. Produktvorteile: Gleichm\u00e4ssige Fl\u00e4chenausleuchtung. Einfache und schnelle Installation. Anwendungsgebiete: Wand- und Deckenanbau. Badezimmer (IP44). Innenraumanwendungen. Technische Ausstattung: Vollst\u00e4ndiges Montage- und Anschlusszubeh\u00f6r enthalten.<\/p>\n","protected":false},"excerpt":{"rendered":"<p>Leuchten mit zwei einstellbaren Farbtemperaturen \u00fcber Wandschalter. Produkteigenschaften: Farbtemperatur \u00fcber Wandschalter w\u00e4hlbar (3000 K, 4000 K). Schutzart: IP44. Produktvorteile: Gleichm\u00e4ssige Fl\u00e4chenausleuchtung. Einfache und schnelle Installation. Anwendungsgebiete: Wand- und Deckenanbau. Badezimmer (IP44). Innenraumanwendungen. Technische Ausstattung: Vollst\u00e4ndiges Montage- und Anschlusszubeh\u00f6r enthalten.<\/p>\n","protected":false},"featured_media":366772,"template":"","meta":[],"product_brand":[],"product_cat":[87052],"product_tag":[],"class_list":{"0":"post-350129","1":"product","2":"type-product","3":"status-publish","4":"has-post-thumbnail","6":"product_cat-decken-wandleuchte","8":"first","9":"instock","10":"taxable","11":"shipping-taxable","12":"product-type-simple"},"_links":{"self":[{"href":"https:\/\/www.arclite-shop.de\/es\/wp-json\/wp\/v2\/product\/350129","targetHints":{"allow":["GET"]}}],"collection":[{"href":"https:\/\/www.arclite-shop.de\/es\/wp-json\/wp\/v2\/product"}],"about":[{"href":"https:\/\/www.arclite-shop.de\/es\/wp-json\/wp\/v2\/types\/product"}],"wp:featuredmedia":[{"embeddable":true,"href":"https:\/\/www.arclite-shop.de\/es\/wp-json\/wp\/v2\/media\/366772"}],"wp:attachment":[{"href":"https:\/\/www.arclite-shop.de\/es\/wp-json\/wp\/v2\/media?parent=350129"}],"wp:term":[{"taxonomy":"product_brand","embeddable":true,"href":"https:\/\/www.arclite-shop.de\/es\/wp-json\/wp\/v2\/product_brand?post=350129"},{"taxonomy":"product_cat","embeddable":true,"href":"https:\/\/www.arclite-shop.de\/es\/wp-json\/wp\/v2\/product_cat?post=350129"},{"taxonomy":"product_tag","embeddable":true,"href":"https:\/\/www.arclite-shop.de\/es\/wp-json\/wp\/v2\/product_tag?post=350129"}],"curies":[{"name":"wp","href":"https:\/\/api.w.org\/{rel}","templated":true}]}}