{"id":350045,"date":"2024-10-31T14:11:21","date_gmt":"2024-10-31T13:11:21","guid":{"rendered":"https:\/\/www.arclite-shop.de\/produkt\/02-4058075292512\/"},"modified":"2026-04-18T03:56:41","modified_gmt":"2026-04-18T01:56:41","slug":"02-4058075292512","status":"publish","type":"product","link":"https:\/\/www.arclite-shop.de\/es\/produkt\/02-4058075292512\/","title":{"rendered":"Tubos LED para balastos electromagn\u00e9ticos (KVG\/VVG), protecci\u00f3n contra esquirlas, para presentaci\u00f3n de alimentos"},"content":{"rendered":"<p>LED-R\u00f6hren f\u00fcr elektromagnetische Vorschaltger\u00e4te (KVG\/VVG), Splitterschutz, f\u00fcr die Lebensmittelpr\u00e4sentation. Produkteigenschaften: Speziell angepasste spektrale Lichtverteilung (vergleichbar mit T8 FL NATURA 76). LED-Ersatz f\u00fcr herk\u00f6mmliche T8-Leuchtstofflampen mit G13 Sockel in KVG Leuchten oder an Netzspannung. Lampenr\u00f6hre aus Glas mit Splitterschutz f\u00fcr Anwendungen z.B. in der Lebensmittelindustrie. VDE-zertifiziert nach IEC62776. Schutzart: IP20. Ersatz f\u00fcr Leuchtstofflampen mit G13-Sockel. Quecksilberfrei und RoHS-konform. Produktvorteile: Lebensmittel sehen besonders frisch und appetitlich aus, ohne dass unzul\u00e4ssig \u201egesch\u00f6nt\u201c wird. Einfacher, schneller und sicherer Tausch einer Leuchtstofflampe ohne Umverdrahtung des KVG. Energieeinsparung von bis zu 60 % (gegen\u00fcber T8 Leuchtstofflampe am KVG). Splitterschutz dank spezieller PET-Beschichtung. Unterst\u00fctzen bei der Umsetzung der HACCP-Konzepte von der Produktion bis hin zur Warenpr\u00e4sentation. Kein Durchh\u00e4ngen dank Glasr\u00f6hre. Anwendungsgebiete: Lebensmittelpr\u00e4sentation in z.B. Metzgereien, B\u00e4ckereien, Superm\u00e4rkten oder fleischverarbeitende Betriebe. Geeignet f\u00fcr Umgebungstemperaturen von -20 bis +50\u00b0 C. Technische Ausstattung: Geeignet f\u00fcr den Betrieb mit verlustarmen und konventionellen Vorschaltger\u00e4ten.<\/p>\n","protected":false},"excerpt":{"rendered":"<p>LED-R\u00f6hren f\u00fcr elektromagnetische Vorschaltger\u00e4te (KVG\/VVG), Splitterschutz, f\u00fcr die Lebensmittelpr\u00e4sentation. Produkteigenschaften: Speziell angepasste spektrale Lichtverteilung (vergleichbar mit T8 FL NATURA 76). LED-Ersatz f\u00fcr herk\u00f6mmliche T8-Leuchtstofflampen mit G13 Sockel in KVG Leuchten oder an Netzspannung. Lampenr\u00f6hre aus Glas mit Splitterschutz f\u00fcr Anwendungen<span class=\"excerpt-hellip\"> [\u2026]<\/span><\/p>\n","protected":false},"featured_media":365634,"template":"","meta":[],"product_brand":[],"product_cat":[87060],"product_tag":[],"class_list":{"0":"post-350045","1":"product","2":"type-product","3":"status-publish","4":"has-post-thumbnail","6":"product_cat-led-lampe-multi-led","8":"first","9":"instock","10":"taxable","11":"shipping-taxable","12":"product-type-simple"},"_links":{"self":[{"href":"https:\/\/www.arclite-shop.de\/es\/wp-json\/wp\/v2\/product\/350045","targetHints":{"allow":["GET"]}}],"collection":[{"href":"https:\/\/www.arclite-shop.de\/es\/wp-json\/wp\/v2\/product"}],"about":[{"href":"https:\/\/www.arclite-shop.de\/es\/wp-json\/wp\/v2\/types\/product"}],"wp:featuredmedia":[{"embeddable":true,"href":"https:\/\/www.arclite-shop.de\/es\/wp-json\/wp\/v2\/media\/365634"}],"wp:attachment":[{"href":"https:\/\/www.arclite-shop.de\/es\/wp-json\/wp\/v2\/media?parent=350045"}],"wp:term":[{"taxonomy":"product_brand","embeddable":true,"href":"https:\/\/www.arclite-shop.de\/es\/wp-json\/wp\/v2\/product_brand?post=350045"},{"taxonomy":"product_cat","embeddable":true,"href":"https:\/\/www.arclite-shop.de\/es\/wp-json\/wp\/v2\/product_cat?post=350045"},{"taxonomy":"product_tag","embeddable":true,"href":"https:\/\/www.arclite-shop.de\/es\/wp-json\/wp\/v2\/product_tag?post=350045"}],"curies":[{"name":"wp","href":"https:\/\/api.w.org\/{rel}","templated":true}]}}