{"id":349964,"date":"2024-10-31T14:10:23","date_gmt":"2024-10-31T13:10:23","guid":{"rendered":"https:\/\/www.arclite-shop.de\/produkt\/02-4058075244771\/"},"modified":"2026-04-18T04:16:54","modified_gmt":"2026-04-18T02:16:54","slug":"02-4058075244771","status":"publish","type":"product","link":"https:\/\/www.arclite-shop.de\/es\/produkt\/02-4058075244771\/","title":{"rendered":"Sensores de movimiento y luz independientes para montaje en la pared con detecci\u00f3n de movimiento de 180\u00b0"},"content":{"rendered":"<p>Stand-alone Bewegungs-und Lichtsensoren f\u00fcr Wandmontage mit 180\u00b0 Bewegungserfassung. Produkteigenschaften: 3 Einstellm\u00f6glichkeiten w\u00e4hlbar (Licht 6h permanent an, Einschalten bei Bewegung oder D\u00e4mmerung). Nulldurchgangsschaltung f\u00fcr optimierten LED Leuchtenbetrieb. Schutzart: IP55. Schutzklasse: II. Produktvorteile: Pr\u00e4zise Bewegungserfassung dank moderner Linsenoptik. Anwendungsgebiete: Au\u00dfenbereiche. Korridore, Eingangsbereiche. Garagen. Keller. Arkadeng\u00e4nge. 180\u00b0-Erfassungsbereich erm\u00f6glicht Installation des Sensors direkt neben den T\u00fcren.<\/p>\n","protected":false},"excerpt":{"rendered":"<p>Stand-alone Bewegungs-und Lichtsensoren f\u00fcr Wandmontage mit 180\u00b0 Bewegungserfassung. Produkteigenschaften: 3 Einstellm\u00f6glichkeiten w\u00e4hlbar (Licht 6h permanent an, Einschalten bei Bewegung oder D\u00e4mmerung). Nulldurchgangsschaltung f\u00fcr optimierten LED Leuchtenbetrieb. Schutzart: IP55. Schutzklasse: II. Produktvorteile: Pr\u00e4zise Bewegungserfassung dank moderner Linsenoptik. Anwendungsgebiete: Au\u00dfenbereiche. Korridore, Eingangsbereiche.<span class=\"excerpt-hellip\"> [\u2026]<\/span><\/p>\n","protected":false},"featured_media":366976,"template":"","meta":[],"product_brand":[],"product_cat":[87127],"product_tag":[],"class_list":{"0":"post-349964","1":"product","2":"type-product","3":"status-publish","4":"has-post-thumbnail","6":"product_cat-bewegungsmelder-sensor","8":"first","9":"instock","10":"taxable","11":"shipping-taxable","12":"product-type-simple"},"_links":{"self":[{"href":"https:\/\/www.arclite-shop.de\/es\/wp-json\/wp\/v2\/product\/349964","targetHints":{"allow":["GET"]}}],"collection":[{"href":"https:\/\/www.arclite-shop.de\/es\/wp-json\/wp\/v2\/product"}],"about":[{"href":"https:\/\/www.arclite-shop.de\/es\/wp-json\/wp\/v2\/types\/product"}],"wp:featuredmedia":[{"embeddable":true,"href":"https:\/\/www.arclite-shop.de\/es\/wp-json\/wp\/v2\/media\/366976"}],"wp:attachment":[{"href":"https:\/\/www.arclite-shop.de\/es\/wp-json\/wp\/v2\/media?parent=349964"}],"wp:term":[{"taxonomy":"product_brand","embeddable":true,"href":"https:\/\/www.arclite-shop.de\/es\/wp-json\/wp\/v2\/product_brand?post=349964"},{"taxonomy":"product_cat","embeddable":true,"href":"https:\/\/www.arclite-shop.de\/es\/wp-json\/wp\/v2\/product_cat?post=349964"},{"taxonomy":"product_tag","embeddable":true,"href":"https:\/\/www.arclite-shop.de\/es\/wp-json\/wp\/v2\/product_tag?post=349964"}],"curies":[{"name":"wp","href":"https:\/\/api.w.org\/{rel}","templated":true}]}}