{"id":349941,"date":"2024-10-31T14:10:07","date_gmt":"2024-10-31T13:10:07","guid":{"rendered":"https:\/\/www.arclite-shop.de\/produkt\/02-4058075228924\/"},"modified":"2026-04-18T04:26:07","modified_gmt":"2026-04-18T02:26:07","slug":"02-4058075228924","status":"publish","type":"product","link":"https:\/\/www.arclite-shop.de\/es\/produkt\/02-4058075228924\/","title":{"rendered":"Focos sensores exteriores de pared altamente eficientes con \u00e1ngulo de haz estrecho en un dise\u00f1o \u00f3ptico innovador"},"content":{"rendered":"<p>Hocheffiziente Aussenwand-Sensorstrahler mit engem Ausstrahlungswinkel in innovativem optischen Design. Produkteigenschaften: 4 Einstellm\u00f6glichkeiten w\u00e4hlbar (Licht 6h permanent an, stand-by, Einschalten bei Bewegung oder D\u00e4mmerung). Verstellbarer Leuchtenkopf. Schutzart: IP55. Sto\u00dffestigkeit: IK05. Schutzklasse: II. Produktvorteile: Kleine Strahler f\u00fcr pr\u00e4zise Ausleuchtung. Schwenkbarer Leuchtenkopf erm\u00f6glicht eine bedarfsgerechte Beleuchtung. Einfache und schnelle Installation. Anwendungsgebiete: Au\u00dfenbereiche. Eingangsbereiche. Arkadeng\u00e4nge.<\/p>\n","protected":false},"excerpt":{"rendered":"<p>Hocheffiziente Aussenwand-Sensorstrahler mit engem Ausstrahlungswinkel in innovativem optischen Design. Produkteigenschaften: 4 Einstellm\u00f6glichkeiten w\u00e4hlbar (Licht 6h permanent an, stand-by, Einschalten bei Bewegung oder D\u00e4mmerung). Verstellbarer Leuchtenkopf. Schutzart: IP55. Sto\u00dffestigkeit: IK05. Schutzklasse: II. Produktvorteile: Kleine Strahler f\u00fcr pr\u00e4zise Ausleuchtung. Schwenkbarer Leuchtenkopf erm\u00f6glicht<span class=\"excerpt-hellip\"> [\u2026]<\/span><\/p>\n","protected":false},"featured_media":367010,"template":"","meta":[],"product_brand":[],"product_cat":[87053],"product_tag":[],"class_list":{"0":"post-349941","1":"product","2":"type-product","3":"status-publish","4":"has-post-thumbnail","6":"product_cat-downlight-strahler-flutlicht","8":"first","9":"instock","10":"taxable","11":"shipping-taxable","12":"product-type-simple"},"_links":{"self":[{"href":"https:\/\/www.arclite-shop.de\/es\/wp-json\/wp\/v2\/product\/349941","targetHints":{"allow":["GET"]}}],"collection":[{"href":"https:\/\/www.arclite-shop.de\/es\/wp-json\/wp\/v2\/product"}],"about":[{"href":"https:\/\/www.arclite-shop.de\/es\/wp-json\/wp\/v2\/types\/product"}],"wp:featuredmedia":[{"embeddable":true,"href":"https:\/\/www.arclite-shop.de\/es\/wp-json\/wp\/v2\/media\/367010"}],"wp:attachment":[{"href":"https:\/\/www.arclite-shop.de\/es\/wp-json\/wp\/v2\/media?parent=349941"}],"wp:term":[{"taxonomy":"product_brand","embeddable":true,"href":"https:\/\/www.arclite-shop.de\/es\/wp-json\/wp\/v2\/product_brand?post=349941"},{"taxonomy":"product_cat","embeddable":true,"href":"https:\/\/www.arclite-shop.de\/es\/wp-json\/wp\/v2\/product_cat?post=349941"},{"taxonomy":"product_tag","embeddable":true,"href":"https:\/\/www.arclite-shop.de\/es\/wp-json\/wp\/v2\/product_tag?post=349941"}],"curies":[{"name":"wp","href":"https:\/\/api.w.org\/{rel}","templated":true}]}}