{"id":349930,"date":"2024-10-31T14:09:59","date_gmt":"2024-10-31T13:09:59","guid":{"rendered":"https:\/\/www.arclite-shop.de\/produkt\/02-4058075227637\/"},"modified":"2026-04-18T04:32:47","modified_gmt":"2026-04-18T02:32:47","slug":"02-4058075227637","status":"publish","type":"product","link":"https:\/\/www.arclite-shop.de\/es\/produkt\/02-4058075227637\/","title":{"rendered":"Luminarias de alta tensi\u00f3n bajo el armario con sensor IR"},"content":{"rendered":"<p>Hochvolt-Unterbauleuchten mit IR Sensor. Produkteigenschaften: Lichtstrom: bis zu 640 lm. Ein- und Ausschalten durch Bewegungen mit 5 cm Abstand vor dem Infrarot-Bewegungssensor. Stufenloses Dimmen durch Abdecken des Infrarot-Bewegungssensor in 5 cm Abstand f\u00fcr mind eine Sekunde. Material: Aluminium. Farbe: Silber. Verf\u00fcgbar in zwei L\u00e4ngen: 30 cm und 50 cm. Verbindung von bis zu 10 Lichtleisten (30 cm Version) und von bis zu 5 Lichtleisten (50 cm Version). Produktvorteile: Direkter AC-Netzanschluss dank integriertem Vorschaltger\u00e4t. Schlankes und elegantes Design. Homogene Lichtverteilung. Einfache und schnelle Befestigung auf fast jeder Oberfl\u00e4che (Klebestreifen oder Schrauben). Anwendungsgebiete: Regal- und Unterbaubeleuchtung. Technische Ausstattung: Externes Kabel (1,5 m) enthalten. Starrer Verbinder und flexible Verbindungsleitung enthalten.<\/p>\n","protected":false},"excerpt":{"rendered":"<p>Hochvolt-Unterbauleuchten mit IR Sensor. Produkteigenschaften: Lichtstrom: bis zu 640 lm. Ein- und Ausschalten durch Bewegungen mit 5 cm Abstand vor dem Infrarot-Bewegungssensor. Stufenloses Dimmen durch Abdecken des Infrarot-Bewegungssensor in 5 cm Abstand f\u00fcr mind eine Sekunde. Material: Aluminium. Farbe: Silber.<span class=\"excerpt-hellip\"> [\u2026]<\/span><\/p>\n","protected":false},"featured_media":367032,"template":"","meta":[],"product_brand":[],"product_cat":[87052],"product_tag":[],"class_list":{"0":"post-349930","1":"product","2":"type-product","3":"status-publish","4":"has-post-thumbnail","6":"product_cat-decken-wandleuchte","8":"first","9":"instock","10":"taxable","11":"shipping-taxable","12":"product-type-simple"},"_links":{"self":[{"href":"https:\/\/www.arclite-shop.de\/es\/wp-json\/wp\/v2\/product\/349930","targetHints":{"allow":["GET"]}}],"collection":[{"href":"https:\/\/www.arclite-shop.de\/es\/wp-json\/wp\/v2\/product"}],"about":[{"href":"https:\/\/www.arclite-shop.de\/es\/wp-json\/wp\/v2\/types\/product"}],"wp:featuredmedia":[{"embeddable":true,"href":"https:\/\/www.arclite-shop.de\/es\/wp-json\/wp\/v2\/media\/367032"}],"wp:attachment":[{"href":"https:\/\/www.arclite-shop.de\/es\/wp-json\/wp\/v2\/media?parent=349930"}],"wp:term":[{"taxonomy":"product_brand","embeddable":true,"href":"https:\/\/www.arclite-shop.de\/es\/wp-json\/wp\/v2\/product_brand?post=349930"},{"taxonomy":"product_cat","embeddable":true,"href":"https:\/\/www.arclite-shop.de\/es\/wp-json\/wp\/v2\/product_cat?post=349930"},{"taxonomy":"product_tag","embeddable":true,"href":"https:\/\/www.arclite-shop.de\/es\/wp-json\/wp\/v2\/product_tag?post=349930"}],"curies":[{"name":"wp","href":"https:\/\/api.w.org\/{rel}","templated":true}]}}