{"id":349918,"date":"2024-10-31T14:09:50","date_gmt":"2024-10-31T13:09:50","guid":{"rendered":"https:\/\/www.arclite-shop.de\/produkt\/02-4058075213852\/"},"modified":"2026-05-11T12:10:33","modified_gmt":"2026-05-11T10:10:33","slug":"02-4058075213852","status":"publish","type":"product","link":"https:\/\/www.arclite-shop.de\/es\/produkt\/02-4058075213852\/","title":{"rendered":"Luz de trabajo flexible y port\u00e1til"},"content":{"rendered":"<p>Flexibles, tragbares Arbeitslicht. Produkteigenschaften: Arbeitleuchte mit schwenkbarem Leuchtenkopf. Schutzart, Leuchtenkopf und -geh\u00e4use: IP65, Schutzart, Stecker: IP44. Schnellverschlu\u00df zur Verstellung des Leuchtenkopfwinkels. 2 m Kabel mit Stecker vom Typ E\/F. Produktvorteile: Gewicht- und Gr\u00f6\u00dfenoptimierung durch kompaktes Design. Energieersparnis von bis zu 80 % verglichen mit Halogenlampen-Arbeitsleuchten. Teilmattierte Abdeckung aus geh\u00e4rtetem Glas, f\u00fcr eine gleichm\u00e4\u00dfige Beleuchtung. Anwendungsgebiete: Renovierung. Garagen. Keller. Werkstatt. Technische Ausstattung: Vollst\u00e4ndiges Montage- und Anschlusszubeh\u00f6r enthalten.<\/p>\n","protected":false},"excerpt":{"rendered":"<p>Flexibles, tragbares Arbeitslicht. Produkteigenschaften: Arbeitleuchte mit schwenkbarem Leuchtenkopf. Schutzart, Leuchtenkopf und -geh\u00e4use: IP65, Schutzart, Stecker: IP44. Schnellverschlu\u00df zur Verstellung des Leuchtenkopfwinkels. 2 m Kabel mit Stecker vom Typ E\/F. Produktvorteile: Gewicht- und Gr\u00f6\u00dfenoptimierung durch kompaktes Design. Energieersparnis von bis zu<span class=\"excerpt-hellip\"> [\u2026]<\/span><\/p>\n","protected":false},"featured_media":367054,"template":"","meta":[],"product_brand":[],"product_cat":[87124],"product_tag":[],"class_list":{"0":"post-349918","1":"product","2":"type-product","3":"status-publish","4":"has-post-thumbnail","6":"product_cat-handleuchte","8":"first","9":"instock","10":"taxable","11":"shipping-taxable","12":"product-type-simple"},"_links":{"self":[{"href":"https:\/\/www.arclite-shop.de\/es\/wp-json\/wp\/v2\/product\/349918","targetHints":{"allow":["GET"]}}],"collection":[{"href":"https:\/\/www.arclite-shop.de\/es\/wp-json\/wp\/v2\/product"}],"about":[{"href":"https:\/\/www.arclite-shop.de\/es\/wp-json\/wp\/v2\/types\/product"}],"wp:featuredmedia":[{"embeddable":true,"href":"https:\/\/www.arclite-shop.de\/es\/wp-json\/wp\/v2\/media\/367054"}],"wp:attachment":[{"href":"https:\/\/www.arclite-shop.de\/es\/wp-json\/wp\/v2\/media?parent=349918"}],"wp:term":[{"taxonomy":"product_brand","embeddable":true,"href":"https:\/\/www.arclite-shop.de\/es\/wp-json\/wp\/v2\/product_brand?post=349918"},{"taxonomy":"product_cat","embeddable":true,"href":"https:\/\/www.arclite-shop.de\/es\/wp-json\/wp\/v2\/product_cat?post=349918"},{"taxonomy":"product_tag","embeddable":true,"href":"https:\/\/www.arclite-shop.de\/es\/wp-json\/wp\/v2\/product_tag?post=349918"}],"curies":[{"name":"wp","href":"https:\/\/api.w.org\/{rel}","templated":true}]}}