{"id":349896,"date":"2024-10-31T14:09:37","date_gmt":"2024-10-31T13:09:37","guid":{"rendered":"https:\/\/www.arclite-shop.de\/produkt\/02-4058075205277\/"},"modified":"2026-04-18T05:04:21","modified_gmt":"2026-04-18T03:04:21","slug":"02-4058075205277","status":"publish","type":"product","link":"https:\/\/www.arclite-shop.de\/es\/produkt\/02-4058075205277\/","title":{"rendered":"Luces de pared y techo con dise\u00f1o moderno en forma cuadrada"},"content":{"rendered":"<p>Wand- und Deckenleuchten mit modernem Design in quadratischer Form. Produkteigenschaften: Helle und funktionelle LED-Au\u00dfenleuchten. Geh\u00e4use aus Aluminiumdruckguss. Verf\u00fcgbar in zwei Geh\u00e4usefarben. Produktvorteile: Energieeffizient durch LED-Technik. Einfache und schnelle Installation. Anwendungsgebiete: Au\u00dfenanwendung (IP44). Anstrahlung von Fassaden. Terrassen, Balkone. Technische Ausstattung: Vollst\u00e4ndiges Montage- und Anschlusszubeh\u00f6r enthalten.<\/p>\n","protected":false},"excerpt":{"rendered":"<p>Wand- und Deckenleuchten mit modernem Design in quadratischer Form. Produkteigenschaften: Helle und funktionelle LED-Au\u00dfenleuchten. Geh\u00e4use aus Aluminiumdruckguss. Verf\u00fcgbar in zwei Geh\u00e4usefarben. Produktvorteile: Energieeffizient durch LED-Technik. Einfache und schnelle Installation. Anwendungsgebiete: Au\u00dfenanwendung (IP44). Anstrahlung von Fassaden. Terrassen, Balkone. Technische Ausstattung: Vollst\u00e4ndiges<span class=\"excerpt-hellip\"> [\u2026]<\/span><\/p>\n","protected":false},"featured_media":367082,"template":"","meta":[],"product_brand":[],"product_cat":[87052],"product_tag":[],"class_list":{"0":"post-349896","1":"product","2":"type-product","3":"status-publish","4":"has-post-thumbnail","6":"product_cat-decken-wandleuchte","8":"first","9":"instock","10":"taxable","11":"shipping-taxable","12":"product-type-simple"},"_links":{"self":[{"href":"https:\/\/www.arclite-shop.de\/es\/wp-json\/wp\/v2\/product\/349896","targetHints":{"allow":["GET"]}}],"collection":[{"href":"https:\/\/www.arclite-shop.de\/es\/wp-json\/wp\/v2\/product"}],"about":[{"href":"https:\/\/www.arclite-shop.de\/es\/wp-json\/wp\/v2\/types\/product"}],"wp:featuredmedia":[{"embeddable":true,"href":"https:\/\/www.arclite-shop.de\/es\/wp-json\/wp\/v2\/media\/367082"}],"wp:attachment":[{"href":"https:\/\/www.arclite-shop.de\/es\/wp-json\/wp\/v2\/media?parent=349896"}],"wp:term":[{"taxonomy":"product_brand","embeddable":true,"href":"https:\/\/www.arclite-shop.de\/es\/wp-json\/wp\/v2\/product_brand?post=349896"},{"taxonomy":"product_cat","embeddable":true,"href":"https:\/\/www.arclite-shop.de\/es\/wp-json\/wp\/v2\/product_cat?post=349896"},{"taxonomy":"product_tag","embeddable":true,"href":"https:\/\/www.arclite-shop.de\/es\/wp-json\/wp\/v2\/product_tag?post=349896"}],"curies":[{"name":"wp","href":"https:\/\/api.w.org\/{rel}","templated":true}]}}