{"id":349889,"date":"2024-10-31T14:09:32","date_gmt":"2024-10-31T13:09:32","guid":{"rendered":"https:\/\/www.arclite-shop.de\/produkt\/02-4058075201316\/"},"modified":"2026-04-18T05:12:32","modified_gmt":"2026-04-18T03:12:32","slug":"02-4058075201316","status":"publish","type":"product","link":"https:\/\/www.arclite-shop.de\/es\/produkt\/02-4058075201316\/","title":{"rendered":"Luminarias empotradas cuadradas con \u00f3ptica LED\u00ae individual, luminarias de seguridad de bater\u00eda simple, 600 mm"},"content":{"rendered":"<p>Quadratische Einbauleuchten mit IndiviLED\u00ae Optik, Einzelbatterie-Sicherheitsleuchten, 600 mm. Produkteigenschaften: Jede LED mit individueller Linse und Reflektor f\u00fcr UGR &lt; 16 und homogene Lichtverteilung. Leuchte f\u00fcr Allgemeinbeleuchtung und Sicherheitsbeleuchtung geeignet. Zertifiziert gem\u00e4\u00df Europ\u00e4ischer Normen (EN 60598-1:2015; EN 60598-2-22:2014). Einzelbatterieleuchten. Sicherheitsbeleuchtungs-Funktion: Batterieentladedauer 3 h. Funktionstest der Sicherheitsbeleuchtung: automatisch (AT). Batterietechnologie: LiFePO4. Metallgeh\u00e4use, Linsen und Reflektoren aus Polycarbonat (PC). Lichtausbeute: bis zu 120 lm\/W. Anf\u00e4ngliche Farbkonsistenz: 3 SDCM (Schwellwerteinheit). Gl\u00fchdrahtpr\u00fcfung nach IEC 60695-2-12: 850 \u00b0C. Produktvorteile: Homogene Lichtverteilung und reduzierte Blendwirkung dank der IndiviLED\u00ae-Optik. Nahtlose Integration von Leuchten mit Sicherheitsbeleuchtungs-Funktion in die Allgemeinbeleuchtung. Einfache Verkabelung dank mitgeliefertem, vorverdrahtetem Treiber und Batterie f\u00fcr die Sicherheitsbeleuchtungs-Funktion. Einfache Pr\u00fcfung der Sicherheitsbeleuchtungs-Funktion durch integrierte automatische Testfunktion. Komfortable Visualisierung der Ergebnisse des automatischen Tests mit enthaltener Kontroll-LED. Betrieb der Sicherheitsbeleuchtungs-Funktion mit langlebiger LiFePO4 Batterie mit 3h Betriebsentladungszeit. Bis zu 50 % Energieersparnis (verglichen mit Leuchten, die Leuchtstofflampen verwenden). Robustes Geh\u00e4use mit IK08. Flimmerarmes Licht dank speziellem elektronischen Vorschaltger\u00e4t. 3 Jahre Garantie. Anwendungsgebiete: Direkter Ersatz f\u00fcr Leuchten mit Leuchtstofflampen. Sicherheitsbeleuchtung f\u00fcr Rettungswegen. Antipanik-Beleuchtung. Geb\u00e4ude, f\u00fcr die Sicherheitsbeleuchtung von 3 h erforderlich ist. Empfangsbereiche, Eingangsbereiche, Korridore, Aufz\u00fcge. B\u00fcror\u00e4ume, Konferenzr\u00e4ume. Geeignet f\u00fcr Deckeneinbausysteme mit einem Rasterma\u00df von 600 x 600 mm. Technische Ausstattung: Optionale Montageclips erh\u00e4ltlich. Sicherungsseil f\u00fcr Leuchten enthalten. Externes Vorschaltger\u00e4t enthalten. Status-Indikator-LED mit Halter f\u00fcr Deckeneinbau im Lieferumfang enthalten.<\/p>\n","protected":false},"excerpt":{"rendered":"<p>Quadratische Einbauleuchten mit IndiviLED\u00ae Optik, Einzelbatterie-Sicherheitsleuchten, 600 mm. Produkteigenschaften: Jede LED mit individueller Linse und Reflektor f\u00fcr UGR &lt; 16 und homogene Lichtverteilung. Leuchte f\u00fcr Allgemeinbeleuchtung und Sicherheitsbeleuchtung geeignet. Zertifiziert gem\u00e4\u00df Europ\u00e4ischer Normen (EN 60598-1:2015; EN 60598-2-22:2014). Einzelbatterieleuchten. Sicherheitsbeleuchtungs-Funktion: Batterieentladedauer<span class=\"excerpt-hellip\"> [\u2026]<\/span><\/p>\n","protected":false},"featured_media":366416,"template":"","meta":[],"product_brand":[],"product_cat":[87052],"product_tag":[],"class_list":{"0":"post-349889","1":"product","2":"type-product","3":"status-publish","4":"has-post-thumbnail","6":"product_cat-decken-wandleuchte","8":"first","9":"instock","10":"taxable","11":"shipping-taxable","12":"product-type-simple"},"_links":{"self":[{"href":"https:\/\/www.arclite-shop.de\/es\/wp-json\/wp\/v2\/product\/349889","targetHints":{"allow":["GET"]}}],"collection":[{"href":"https:\/\/www.arclite-shop.de\/es\/wp-json\/wp\/v2\/product"}],"about":[{"href":"https:\/\/www.arclite-shop.de\/es\/wp-json\/wp\/v2\/types\/product"}],"wp:featuredmedia":[{"embeddable":true,"href":"https:\/\/www.arclite-shop.de\/es\/wp-json\/wp\/v2\/media\/366416"}],"wp:attachment":[{"href":"https:\/\/www.arclite-shop.de\/es\/wp-json\/wp\/v2\/media?parent=349889"}],"wp:term":[{"taxonomy":"product_brand","embeddable":true,"href":"https:\/\/www.arclite-shop.de\/es\/wp-json\/wp\/v2\/product_brand?post=349889"},{"taxonomy":"product_cat","embeddable":true,"href":"https:\/\/www.arclite-shop.de\/es\/wp-json\/wp\/v2\/product_cat?post=349889"},{"taxonomy":"product_tag","embeddable":true,"href":"https:\/\/www.arclite-shop.de\/es\/wp-json\/wp\/v2\/product_tag?post=349889"}],"curies":[{"name":"wp","href":"https:\/\/api.w.org\/{rel}","templated":true}]}}