{"id":349886,"date":"2024-10-31T14:09:31","date_gmt":"2024-10-31T13:09:31","guid":{"rendered":"https:\/\/www.arclite-shop.de\/produkt\/02-4058075201194\/"},"modified":"2026-04-18T05:14:28","modified_gmt":"2026-04-18T03:14:28","slug":"02-4058075201194","status":"publish","type":"product","link":"https:\/\/www.arclite-shop.de\/es\/produkt\/02-4058075201194\/","title":{"rendered":"Luminarias empotradas cuadradas con \u00f3ptica IndiviLED\u00ae, 625 mm"},"content":{"rendered":"<p>Quadratische Einbauleuchten mit IndiviLED\u00ae Optik, 625 mm. Produkteigenschaften: Jede LED mit individueller Linse und Reflektor f\u00fcr UGR &lt; 16 und homogene Lichtverteilung. Lebensdauer (L80\/B50): bis zu 50.000 h (bei 25 \u00b0C). Metallgeh\u00e4use, Linsen und Reflektoren aus Polycarbonat (PC). Lichtstrom: bis zu 4.000 lm. Lichtausbeute: bis zu 120 lm\/W. Anf\u00e4ngliche Farbkonsistenz: 3 SDCM (Schwellwerteinheit). Gl\u00fchdrahtpr\u00fcfung nach IEC 60695-2-12: 850 \u00b0C. Leuchtenversionen mit IoT-f\u00e4higem DALI-2 Treiber oder Zigbee 3.0 Technologie verf\u00fcgbar. Produktvorteile: Homogene Lichtverteilung und reduzierte Blendwirkung dank der IndiviLED\u00ae-Optik. Bis zu 50 % Energieersparnis (verglichen mit Leuchten, die Leuchtstofflampen verwenden). Robustes Geh\u00e4use mit IK08. Flimmerarmes Licht dank speziellem elektronischen Vorschaltger\u00e4t. 5 Jahre Garantie. Anwendungsgebiete: Direkter Ersatz f\u00fcr Leuchten mit Leuchtstofflampen. Flure. B\u00fcros. Konferenzr\u00e4ume. Empfangsbereiche. Eingangsbereiche. Aufz\u00fcge. Geeignet f\u00fcr Deckeneinbausysteme mit einem Rasterma\u00df von 625 x 625 mm. Technische Ausstattung: Zubeh\u00f6r f\u00fcr verschiedene Einbaum\u00f6glichkeiten erh\u00e4ltlich. Sicherungsseil f\u00fcr Leuchten enthalten. Externes Vorschaltger\u00e4t enthalten.<\/p>\n","protected":false},"excerpt":{"rendered":"<p>Quadratische Einbauleuchten mit IndiviLED\u00ae Optik, 625 mm. Produkteigenschaften: Jede LED mit individueller Linse und Reflektor f\u00fcr UGR &lt; 16 und homogene Lichtverteilung. Lebensdauer (L80\/B50): bis zu 50.000 h (bei 25 \u00b0C). Metallgeh\u00e4use, Linsen und Reflektoren aus Polycarbonat (PC). Lichtstrom: bis<span class=\"excerpt-hellip\"> [\u2026]<\/span><\/p>\n","protected":false},"featured_media":366416,"template":"","meta":[],"product_brand":[],"product_cat":[87052],"product_tag":[],"class_list":{"0":"post-349886","1":"product","2":"type-product","3":"status-publish","4":"has-post-thumbnail","6":"product_cat-decken-wandleuchte","8":"first","9":"instock","10":"taxable","11":"shipping-taxable","12":"product-type-simple"},"_links":{"self":[{"href":"https:\/\/www.arclite-shop.de\/es\/wp-json\/wp\/v2\/product\/349886","targetHints":{"allow":["GET"]}}],"collection":[{"href":"https:\/\/www.arclite-shop.de\/es\/wp-json\/wp\/v2\/product"}],"about":[{"href":"https:\/\/www.arclite-shop.de\/es\/wp-json\/wp\/v2\/types\/product"}],"wp:featuredmedia":[{"embeddable":true,"href":"https:\/\/www.arclite-shop.de\/es\/wp-json\/wp\/v2\/media\/366416"}],"wp:attachment":[{"href":"https:\/\/www.arclite-shop.de\/es\/wp-json\/wp\/v2\/media?parent=349886"}],"wp:term":[{"taxonomy":"product_brand","embeddable":true,"href":"https:\/\/www.arclite-shop.de\/es\/wp-json\/wp\/v2\/product_brand?post=349886"},{"taxonomy":"product_cat","embeddable":true,"href":"https:\/\/www.arclite-shop.de\/es\/wp-json\/wp\/v2\/product_cat?post=349886"},{"taxonomy":"product_tag","embeddable":true,"href":"https:\/\/www.arclite-shop.de\/es\/wp-json\/wp\/v2\/product_tag?post=349886"}],"curies":[{"name":"wp","href":"https:\/\/api.w.org\/{rel}","templated":true}]}}