{"id":349853,"date":"2024-10-31T14:09:08","date_gmt":"2024-10-31T13:09:08","guid":{"rendered":"https:\/\/www.arclite-shop.de\/produkt\/02-4058075114067\/"},"modified":"2026-04-18T05:41:18","modified_gmt":"2026-04-18T03:41:18","slug":"02-4058075114067","status":"publish","type":"product","link":"https:\/\/www.arclite-shop.de\/es\/produkt\/02-4058075114067\/","title":{"rendered":"Foco empotrado, ajustable, cuadrado"},"content":{"rendered":"<p>Einbaustrahler, einstellbar, quadratisch. Produkteigenschaften: Einstellbarer Neigungswinkel: +\/- 20\u00b0. Anf\u00e4ngliche Farbkonsistenz: \u2264 4 SDCM (Schwellwerteinheit). Material der Linse: PMMA. Produktvorteile: Cut-Off-Winkel f\u00fcr eine komfortable Innenbeleuchtung. Hohe Lichtausbeute. Geh\u00e4use aus Druckgussaluminium f\u00fcr verbesserte W\u00e4rmeableitung. Energieersparnis von bis zu 90 % verglichen mit Halogenlampen-Spotlights. Externer Treiber f\u00fcr erweiterte Flexibilit\u00e4t (kompatibel zu ausgew\u00e4hlten DALI-Treibern). Einfacher Austausch des externen Treibers dank Stecker mit Bajonettverschluss. Design passt zur LEDVANCE Spot-, Down- und Tracklight-Leuchtenfamilie. 5 Jahre Garantie. Anwendungsgebiete: Ersatz f\u00fcr Halogenlampen-Spotlights. Allgemeine Akzentbeleuchtung. Shops, Boutiquen. Hotelzimmer. Bars, Restaurants. Galerien, Museen. Wohnr\u00e4ume. Technische Ausstattung: Treiber inbegriffen.<\/p>\n","protected":false},"excerpt":{"rendered":"<p>Einbaustrahler, einstellbar, quadratisch. Produkteigenschaften: Einstellbarer Neigungswinkel: +\/- 20\u00b0. Anf\u00e4ngliche Farbkonsistenz: \u2264 4 SDCM (Schwellwerteinheit). Material der Linse: PMMA. Produktvorteile: Cut-Off-Winkel f\u00fcr eine komfortable Innenbeleuchtung. Hohe Lichtausbeute. Geh\u00e4use aus Druckgussaluminium f\u00fcr verbesserte W\u00e4rmeableitung. Energieersparnis von bis zu 90 % verglichen mit<span class=\"excerpt-hellip\"> [\u2026]<\/span><\/p>\n","protected":false},"featured_media":367116,"template":"","meta":[],"product_brand":[],"product_cat":[87053],"product_tag":[],"class_list":{"0":"post-349853","1":"product","2":"type-product","3":"status-publish","4":"has-post-thumbnail","6":"product_cat-downlight-strahler-flutlicht","8":"first","9":"instock","10":"taxable","11":"shipping-taxable","12":"product-type-simple"},"_links":{"self":[{"href":"https:\/\/www.arclite-shop.de\/es\/wp-json\/wp\/v2\/product\/349853","targetHints":{"allow":["GET"]}}],"collection":[{"href":"https:\/\/www.arclite-shop.de\/es\/wp-json\/wp\/v2\/product"}],"about":[{"href":"https:\/\/www.arclite-shop.de\/es\/wp-json\/wp\/v2\/types\/product"}],"wp:featuredmedia":[{"embeddable":true,"href":"https:\/\/www.arclite-shop.de\/es\/wp-json\/wp\/v2\/media\/367116"}],"wp:attachment":[{"href":"https:\/\/www.arclite-shop.de\/es\/wp-json\/wp\/v2\/media?parent=349853"}],"wp:term":[{"taxonomy":"product_brand","embeddable":true,"href":"https:\/\/www.arclite-shop.de\/es\/wp-json\/wp\/v2\/product_brand?post=349853"},{"taxonomy":"product_cat","embeddable":true,"href":"https:\/\/www.arclite-shop.de\/es\/wp-json\/wp\/v2\/product_cat?post=349853"},{"taxonomy":"product_tag","embeddable":true,"href":"https:\/\/www.arclite-shop.de\/es\/wp-json\/wp\/v2\/product_tag?post=349853"}],"curies":[{"name":"wp","href":"https:\/\/api.w.org\/{rel}","templated":true}]}}