{"id":349847,"date":"2024-10-31T14:09:05","date_gmt":"2024-10-31T13:09:05","guid":{"rendered":"https:\/\/www.arclite-shop.de\/produkt\/02-4058075113947\/"},"modified":"2026-04-18T05:52:23","modified_gmt":"2026-04-18T03:52:23","slug":"02-4058075113947","status":"publish","type":"product","link":"https:\/\/www.arclite-shop.de\/es\/produkt\/02-4058075113947\/","title":{"rendered":"Foco empotrado giratorio, luz \u00fanica"},"content":{"rendered":"<p>Schwenkbarer Einbaustrahler, einflammig. Produkteigenschaften: Gro\u00dfer facettierter Reflektor f\u00fcr hohe Lichtausbeute. Ausstrahlungswinkel: 38\u00b0. Kardanische Aufh\u00e4ngung: +\/- 25\u00b0. Produktvorteile: Flimmerarmes Licht dank speziellem elektronischen Vorschaltger\u00e4t. Hohe Lichtausbeute. Abtrennung gegen andere Deckeneinbauten dank geschlossenem Stahlblechgeh\u00e4use. Einfacher Austausch des externen Treibers dank Stecker mit Bajonettverschluss. Funktionales und minimalistisches Design. 5 Jahre Garantie. Anwendungsgebiete: Akzent- und Allgemeinbeleuchtung f\u00fcr alle Arten von Verkaufsr\u00e4umen. Modegesch\u00e4fte, Accessoiresgesch\u00e4fte. Shops, Boutiquen. Hotelzimmer. Caf\u00e9s. Technische Ausstattung: Treiber inbegriffen.<\/p>\n","protected":false},"excerpt":{"rendered":"<p>Schwenkbarer Einbaustrahler, einflammig. Produkteigenschaften: Gro\u00dfer facettierter Reflektor f\u00fcr hohe Lichtausbeute. Ausstrahlungswinkel: 38\u00b0. Kardanische Aufh\u00e4ngung: +\/- 25\u00b0. Produktvorteile: Flimmerarmes Licht dank speziellem elektronischen Vorschaltger\u00e4t. Hohe Lichtausbeute. Abtrennung gegen andere Deckeneinbauten dank geschlossenem Stahlblechgeh\u00e4use. Einfacher Austausch des externen Treibers dank Stecker mit<span class=\"excerpt-hellip\"> [\u2026]<\/span><\/p>\n","protected":false},"featured_media":367124,"template":"","meta":[],"product_brand":[],"product_cat":[87053],"product_tag":[],"class_list":{"0":"post-349847","1":"product","2":"type-product","3":"status-publish","4":"has-post-thumbnail","6":"product_cat-downlight-strahler-flutlicht","8":"first","9":"instock","10":"taxable","11":"shipping-taxable","12":"product-type-simple"},"_links":{"self":[{"href":"https:\/\/www.arclite-shop.de\/es\/wp-json\/wp\/v2\/product\/349847","targetHints":{"allow":["GET"]}}],"collection":[{"href":"https:\/\/www.arclite-shop.de\/es\/wp-json\/wp\/v2\/product"}],"about":[{"href":"https:\/\/www.arclite-shop.de\/es\/wp-json\/wp\/v2\/types\/product"}],"wp:featuredmedia":[{"embeddable":true,"href":"https:\/\/www.arclite-shop.de\/es\/wp-json\/wp\/v2\/media\/367124"}],"wp:attachment":[{"href":"https:\/\/www.arclite-shop.de\/es\/wp-json\/wp\/v2\/media?parent=349847"}],"wp:term":[{"taxonomy":"product_brand","embeddable":true,"href":"https:\/\/www.arclite-shop.de\/es\/wp-json\/wp\/v2\/product_brand?post=349847"},{"taxonomy":"product_cat","embeddable":true,"href":"https:\/\/www.arclite-shop.de\/es\/wp-json\/wp\/v2\/product_cat?post=349847"},{"taxonomy":"product_tag","embeddable":true,"href":"https:\/\/www.arclite-shop.de\/es\/wp-json\/wp\/v2\/product_tag?post=349847"}],"curies":[{"name":"wp","href":"https:\/\/api.w.org\/{rel}","templated":true}]}}