{"id":349817,"date":"2024-10-31T14:08:45","date_gmt":"2024-10-31T13:08:45","guid":{"rendered":"https:\/\/www.arclite-shop.de\/produkt\/02-4058075109841\/"},"modified":"2026-04-18T06:58:20","modified_gmt":"2026-04-18T04:58:20","slug":"02-4058075109841","status":"publish","type":"product","link":"https:\/\/www.arclite-shop.de\/es\/produkt\/02-4058075109841\/","title":{"rendered":"Luminaria colgante para aplicaciones de iluminaci\u00f3n simple o continua con iluminaci\u00f3n de emergencia"},"content":{"rendered":"<p>H\u00e4ngeleuchte f\u00fcr Einzel- oder Lichtbandanwendungen mit Notbeleuchtung. Produkteigenschaften: Jede LED mit individueller Linse und Reflektor f\u00fcr UGR &lt; 16 und homogene Lichtverteilung. Umbausatz f\u00fcr Notbeleuchtung gem\u00e4\u00df IEC 60598-2-22 (Treiber und 3 Stunden Batteriebetrieb f\u00fcr den Notlichtfall) inklusive. Einfache Wartung dank automatischem Selbsttest f\u00fcr Notbeleuchtung gem\u00e4\u00df IEC 60598-2-22. Abgeh\u00e4ngte Montage mit Abh\u00e4ngeset. Verbindbar in ein nahtloses Lichtband mithilfe eines mechanischen Verbinders (bei Anbau- oder Abh\u00e4ngemontage). Versionen mit L\u00e4nge 1200 oder 1500 mm verf\u00fcgbar. Lichtstrom bis zu 6550 lm. Lichtausbeute: bis zu 120 lm\/W. Anf\u00e4ngliche Farbkonsistenz: 3 SDCM (Schwellwerteinheit). Gl\u00fchdrahtpr\u00fcfung nach IEC 60695-2-12: 850 \u00b0C. Lebensdauer (L70\/B50): 60.000 h (bei 25 \u00b0C). Produktvorteile: Homogene Lichtverteilung und reduzierte Blendwirkung dank der IndiviLED\u00ae-Optik. Notbeleuchtung-Funktion gem\u00e4\u00df IEC 60598-2-22 mit Notbeleuchtungs-Treiber und Batterie. Flimmerarmes Licht dank speziellem elektronischen Vorschaltger\u00e4t. Erh\u00f6hter Lichtkomfort mit direkter und indirekter Abstrahlcharakteristik. Bis zu 50 % Energieersparnis verglichen mit T5-Lichtleisten. Robustes Geh\u00e4use mit IK06. Anwendungsgebiete: Direkter Ersatz f\u00fcr Leuchten mit Leuchtstofflampen. B\u00fcror\u00e4ume, Schulen. Allgemeine Innenbeleuchtung. Korridore, Eingangsbereiche. Nahtlose Lichtb\u00e4nder. Shopbeleuchtung. Technische Ausstattung: Deckenanschlu\u00dfdose verf\u00fcgbar. Abh\u00e4ngeset verf\u00fcgbar. Mechanischer Verbinder verf\u00fcgbar. Durchgangsverdrahtungs-Set verf\u00fcgbar.<\/p>\n","protected":false},"excerpt":{"rendered":"<p>H\u00e4ngeleuchte f\u00fcr Einzel- oder Lichtbandanwendungen mit Notbeleuchtung. Produkteigenschaften: Jede LED mit individueller Linse und Reflektor f\u00fcr UGR &lt; 16 und homogene Lichtverteilung. Umbausatz f\u00fcr Notbeleuchtung gem\u00e4\u00df IEC 60598-2-22 (Treiber und 3 Stunden Batteriebetrieb f\u00fcr den Notlichtfall) inklusive. Einfache Wartung dank<span class=\"excerpt-hellip\"> [\u2026]<\/span><\/p>\n","protected":false},"featured_media":367156,"template":"","meta":[],"product_brand":[],"product_cat":[87092],"product_tag":[],"class_list":{"0":"post-349817","1":"product","2":"type-product","3":"status-publish","4":"has-post-thumbnail","6":"product_cat-pendelleuchte","8":"first","9":"instock","10":"taxable","11":"shipping-taxable","12":"product-type-simple"},"_links":{"self":[{"href":"https:\/\/www.arclite-shop.de\/es\/wp-json\/wp\/v2\/product\/349817","targetHints":{"allow":["GET"]}}],"collection":[{"href":"https:\/\/www.arclite-shop.de\/es\/wp-json\/wp\/v2\/product"}],"about":[{"href":"https:\/\/www.arclite-shop.de\/es\/wp-json\/wp\/v2\/types\/product"}],"wp:featuredmedia":[{"embeddable":true,"href":"https:\/\/www.arclite-shop.de\/es\/wp-json\/wp\/v2\/media\/367156"}],"wp:attachment":[{"href":"https:\/\/www.arclite-shop.de\/es\/wp-json\/wp\/v2\/media?parent=349817"}],"wp:term":[{"taxonomy":"product_brand","embeddable":true,"href":"https:\/\/www.arclite-shop.de\/es\/wp-json\/wp\/v2\/product_brand?post=349817"},{"taxonomy":"product_cat","embeddable":true,"href":"https:\/\/www.arclite-shop.de\/es\/wp-json\/wp\/v2\/product_cat?post=349817"},{"taxonomy":"product_tag","embeddable":true,"href":"https:\/\/www.arclite-shop.de\/es\/wp-json\/wp\/v2\/product_tag?post=349817"}],"curies":[{"name":"wp","href":"https:\/\/api.w.org\/{rel}","templated":true}]}}