{"id":349739,"date":"2024-10-31T14:07:52","date_gmt":"2024-10-31T13:07:52","guid":{"rendered":"https:\/\/www.arclite-shop.de\/produkt\/02-4058075091498\/"},"modified":"2026-04-18T08:46:30","modified_gmt":"2026-04-18T06:46:30","slug":"02-4058075091498","status":"publish","type":"product","link":"https:\/\/www.arclite-shop.de\/es\/produkt\/02-4058075091498\/","title":{"rendered":"Luminarias downlight con carcasa de aluminio"},"content":{"rendered":"<p>Downlightleuchten mit Aluminiumgeh\u00e4use. Produkteigenschaften: Durchmesser des erforderlichen Deckenausschnitts: 150 mm oder 200 mm (versionsabh\u00e4ngig). Schutzart: IP44. Produktvorteile: Hohe Lichtausbeute. Bis zu 60 % Energieersparnis (im Vergleich zu Leuchten, die Kompaktleuchtstofflampen nutzen). Sehr homogenes Licht. Funktionales Design. Einfache Installation mit schnellem Anschluss. Externer Treiber f\u00fcr erweiterte Flexibilit\u00e4t (kompatibel zu ausgew\u00e4hlten DALI-Treibern). 5 Jahre Garantie. Anwendungsgebiete: Direkter Ersatz f\u00fcr Leuchten mit Kompaktleuchtstofflampen. Allgemeinbeleuchtung. \u00d6ffentlicher Raum. Treppenh\u00e4user. Flure. Eingangsbereiche. Gesch\u00e4fte.<\/p>\n","protected":false},"excerpt":{"rendered":"<p>Downlightleuchten mit Aluminiumgeh\u00e4use. Produkteigenschaften: Durchmesser des erforderlichen Deckenausschnitts: 150 mm oder 200 mm (versionsabh\u00e4ngig). Schutzart: IP44. Produktvorteile: Hohe Lichtausbeute. Bis zu 60 % Energieersparnis (im Vergleich zu Leuchten, die Kompaktleuchtstofflampen nutzen). Sehr homogenes Licht. Funktionales Design. Einfache Installation mit schnellem<span class=\"excerpt-hellip\"> [\u2026]<\/span><\/p>\n","protected":false},"featured_media":431243,"template":"","meta":[],"product_brand":[],"product_cat":[87053],"product_tag":[],"class_list":{"0":"post-349739","1":"product","2":"type-product","3":"status-publish","4":"has-post-thumbnail","6":"product_cat-downlight-strahler-flutlicht","8":"first","9":"outofstock","10":"taxable","11":"shipping-taxable","12":"product-type-simple"},"_links":{"self":[{"href":"https:\/\/www.arclite-shop.de\/es\/wp-json\/wp\/v2\/product\/349739","targetHints":{"allow":["GET"]}}],"collection":[{"href":"https:\/\/www.arclite-shop.de\/es\/wp-json\/wp\/v2\/product"}],"about":[{"href":"https:\/\/www.arclite-shop.de\/es\/wp-json\/wp\/v2\/types\/product"}],"wp:featuredmedia":[{"embeddable":true,"href":"https:\/\/www.arclite-shop.de\/es\/wp-json\/wp\/v2\/media\/431243"}],"wp:attachment":[{"href":"https:\/\/www.arclite-shop.de\/es\/wp-json\/wp\/v2\/media?parent=349739"}],"wp:term":[{"taxonomy":"product_brand","embeddable":true,"href":"https:\/\/www.arclite-shop.de\/es\/wp-json\/wp\/v2\/product_brand?post=349739"},{"taxonomy":"product_cat","embeddable":true,"href":"https:\/\/www.arclite-shop.de\/es\/wp-json\/wp\/v2\/product_cat?post=349739"},{"taxonomy":"product_tag","embeddable":true,"href":"https:\/\/www.arclite-shop.de\/es\/wp-json\/wp\/v2\/product_tag?post=349739"}],"curies":[{"name":"wp","href":"https:\/\/api.w.org\/{rel}","templated":true}]}}