{"id":349721,"date":"2024-10-31T14:07:39","date_gmt":"2024-10-31T13:07:39","guid":{"rendered":"https:\/\/www.arclite-shop.de\/produkt\/02-4058075079175\/"},"modified":"2026-04-18T09:11:26","modified_gmt":"2026-04-18T07:11:26","slug":"02-4058075079175","status":"publish","type":"product","link":"https:\/\/www.arclite-shop.de\/es\/produkt\/02-4058075079175\/","title":{"rendered":"Chasis de carrocer\u00eda, redondo"},"content":{"rendered":"<p>Aufbaurahmen, rund. Produkteigenschaften: Geringe Montagetiefe. Robustes Geh\u00e4use aus Polycarbonat. Montagezubeh\u00f6r enthalten. Produktvorteile: Seitlicher Kabeleinlass f\u00fcr elektrischen Anschluss bei flachem Profil. Einfache Monage dank mitgelieferter Bohrschablone. Anwendungsgebiete: Allgemeinbeleuchtung. \u00d6ffentlicher Raum. Treppenh\u00e4user. Flure. Eingangsbereiche. Gesch\u00e4fte.<\/p>\n","protected":false},"excerpt":{"rendered":"<p>Aufbaurahmen, rund. Produkteigenschaften: Geringe Montagetiefe. Robustes Geh\u00e4use aus Polycarbonat. Montagezubeh\u00f6r enthalten. Produktvorteile: Seitlicher Kabeleinlass f\u00fcr elektrischen Anschluss bei flachem Profil. Einfache Monage dank mitgelieferter Bohrschablone. Anwendungsgebiete: Allgemeinbeleuchtung. \u00d6ffentlicher Raum. Treppenh\u00e4user. Flure. Eingangsbereiche. Gesch\u00e4fte.<\/p>\n","protected":false},"featured_media":367238,"template":"","meta":[],"product_brand":[],"product_cat":[87054],"product_tag":[],"class_list":{"0":"post-349721","1":"product","2":"type-product","3":"status-publish","4":"has-post-thumbnail","6":"product_cat-mechanisches-zubehoer-ersatzteile-fuer-leuchten-ledvance","8":"first","9":"instock","10":"taxable","11":"shipping-taxable","12":"product-type-simple"},"_links":{"self":[{"href":"https:\/\/www.arclite-shop.de\/es\/wp-json\/wp\/v2\/product\/349721","targetHints":{"allow":["GET"]}}],"collection":[{"href":"https:\/\/www.arclite-shop.de\/es\/wp-json\/wp\/v2\/product"}],"about":[{"href":"https:\/\/www.arclite-shop.de\/es\/wp-json\/wp\/v2\/types\/product"}],"wp:featuredmedia":[{"embeddable":true,"href":"https:\/\/www.arclite-shop.de\/es\/wp-json\/wp\/v2\/media\/367238"}],"wp:attachment":[{"href":"https:\/\/www.arclite-shop.de\/es\/wp-json\/wp\/v2\/media?parent=349721"}],"wp:term":[{"taxonomy":"product_brand","embeddable":true,"href":"https:\/\/www.arclite-shop.de\/es\/wp-json\/wp\/v2\/product_brand?post=349721"},{"taxonomy":"product_cat","embeddable":true,"href":"https:\/\/www.arclite-shop.de\/es\/wp-json\/wp\/v2\/product_cat?post=349721"},{"taxonomy":"product_tag","embeddable":true,"href":"https:\/\/www.arclite-shop.de\/es\/wp-json\/wp\/v2\/product_tag?post=349721"}],"curies":[{"name":"wp","href":"https:\/\/api.w.org\/{rel}","templated":true}]}}