{"id":349700,"date":"2024-10-31T14:07:26","date_gmt":"2024-10-31T13:07:26","guid":{"rendered":"https:\/\/www.arclite-shop.de\/produkt\/02-4058075062207\/"},"modified":"2026-04-18T09:44:45","modified_gmt":"2026-04-18T07:44:45","slug":"02-4058075062207","status":"publish","type":"product","link":"https:\/\/www.arclite-shop.de\/es\/produkt\/02-4058075062207\/","title":{"rendered":"Luminarias de pared y techo con alta resistencia a impactos"},"content":{"rendered":"<p>Wand- und Deckenleuchten mit hoher Schlagfestigkeit. Produkteigenschaften: Ausstrahlungswinkel: 120\u00b0. Schutzart: IP65. Sto\u00dffestigkeit: IK10. Geh\u00e4use und Abdeckung aus Polycarbonat. Gl\u00fchdrahtpr\u00fcfung nach IEC 60695-2-12: 850 \u00b0C. Durchverdrahtung m\u00f6glich. Produktvorteile: Schlankes Profil. Widerstandsf\u00e4higkeit gegen Vandalismus. Hohe Lichtausbeute. Sehr homogenes Licht. LED zur sicheren Installation gesch\u00fctzt. 5 Jahre Garantie. Anwendungsgebiete: Flure. Treppenh\u00e4user. Badezimmer. Eingangsbereiche. \u00d6ffentlicher Raum.<\/p>\n","protected":false},"excerpt":{"rendered":"<p>Wand- und Deckenleuchten mit hoher Schlagfestigkeit. Produkteigenschaften: Ausstrahlungswinkel: 120\u00b0. Schutzart: IP65. Sto\u00dffestigkeit: IK10. Geh\u00e4use und Abdeckung aus Polycarbonat. Gl\u00fchdrahtpr\u00fcfung nach IEC 60695-2-12: 850 \u00b0C. Durchverdrahtung m\u00f6glich. Produktvorteile: Schlankes Profil. Widerstandsf\u00e4higkeit gegen Vandalismus. Hohe Lichtausbeute. Sehr homogenes Licht. LED zur sicheren<span class=\"excerpt-hellip\"> [\u2026]<\/span><\/p>\n","protected":false},"featured_media":367254,"template":"","meta":[],"product_brand":[],"product_cat":[87052],"product_tag":[],"class_list":{"0":"post-349700","1":"product","2":"type-product","3":"status-publish","4":"has-post-thumbnail","6":"product_cat-decken-wandleuchte","8":"first","9":"instock","10":"taxable","11":"shipping-taxable","12":"product-type-simple"},"_links":{"self":[{"href":"https:\/\/www.arclite-shop.de\/es\/wp-json\/wp\/v2\/product\/349700","targetHints":{"allow":["GET"]}}],"collection":[{"href":"https:\/\/www.arclite-shop.de\/es\/wp-json\/wp\/v2\/product"}],"about":[{"href":"https:\/\/www.arclite-shop.de\/es\/wp-json\/wp\/v2\/types\/product"}],"wp:featuredmedia":[{"embeddable":true,"href":"https:\/\/www.arclite-shop.de\/es\/wp-json\/wp\/v2\/media\/367254"}],"wp:attachment":[{"href":"https:\/\/www.arclite-shop.de\/es\/wp-json\/wp\/v2\/media?parent=349700"}],"wp:term":[{"taxonomy":"product_brand","embeddable":true,"href":"https:\/\/www.arclite-shop.de\/es\/wp-json\/wp\/v2\/product_brand?post=349700"},{"taxonomy":"product_cat","embeddable":true,"href":"https:\/\/www.arclite-shop.de\/es\/wp-json\/wp\/v2\/product_cat?post=349700"},{"taxonomy":"product_tag","embeddable":true,"href":"https:\/\/www.arclite-shop.de\/es\/wp-json\/wp\/v2\/product_tag?post=349700"}],"curies":[{"name":"wp","href":"https:\/\/api.w.org\/{rel}","templated":true}]}}