{"id":349693,"date":"2024-10-31T14:07:20","date_gmt":"2024-10-31T13:07:20","guid":{"rendered":"https:\/\/www.arclite-shop.de\/produkt\/02-4052899988729\/"},"modified":"2026-04-18T09:48:04","modified_gmt":"2026-04-18T07:48:04","slug":"02-4052899988729","status":"publish","type":"product","link":"https:\/\/www.arclite-shop.de\/es\/produkt\/02-4052899988729\/","title":{"rendered":"Lichtmanagementsysteme"},"content":{"rendered":"<p>Lichtmanagementsysteme. Produkteigenschaften: Deckeneinbauadapter. . Produktvorteile: Erm\u00f6glicht Deckenaufbau Montage f\u00fcr LUXeye Sense Produkte. . Anwendungsgebiete: B\u00fcror\u00e4ume. Besprechungsr\u00e4ume. Schulungsr\u00e4ume. Korridore. . Technische Ausstattung: Geeignet f\u00fcr LUXeye Sense DALI BT und LUXeye Sense 10A BT. .<\/p>\n","protected":false},"excerpt":{"rendered":"<p>Lichtmanagementsysteme. Produkteigenschaften: Deckeneinbauadapter. . Produktvorteile: Erm\u00f6glicht Deckenaufbau Montage f\u00fcr LUXeye Sense Produkte. . Anwendungsgebiete: B\u00fcror\u00e4ume. Besprechungsr\u00e4ume. Schulungsr\u00e4ume. Korridore. . Technische Ausstattung: Geeignet f\u00fcr LUXeye Sense DALI BT und LUXeye Sense 10A BT. .<\/p>\n","protected":false},"featured_media":340100,"template":"","meta":[],"product_brand":[],"product_cat":[87015],"product_tag":[],"class_list":{"0":"post-349693","1":"product","2":"type-product","3":"status-publish","4":"has-post-thumbnail","6":"product_cat-lichtregelsystemkomponente-ledvance","8":"first","9":"instock","10":"taxable","11":"shipping-taxable","12":"product-type-simple"},"_links":{"self":[{"href":"https:\/\/www.arclite-shop.de\/es\/wp-json\/wp\/v2\/product\/349693","targetHints":{"allow":["GET"]}}],"collection":[{"href":"https:\/\/www.arclite-shop.de\/es\/wp-json\/wp\/v2\/product"}],"about":[{"href":"https:\/\/www.arclite-shop.de\/es\/wp-json\/wp\/v2\/types\/product"}],"wp:featuredmedia":[{"embeddable":true,"href":"https:\/\/www.arclite-shop.de\/es\/wp-json\/wp\/v2\/media\/340100"}],"wp:attachment":[{"href":"https:\/\/www.arclite-shop.de\/es\/wp-json\/wp\/v2\/media?parent=349693"}],"wp:term":[{"taxonomy":"product_brand","embeddable":true,"href":"https:\/\/www.arclite-shop.de\/es\/wp-json\/wp\/v2\/product_brand?post=349693"},{"taxonomy":"product_cat","embeddable":true,"href":"https:\/\/www.arclite-shop.de\/es\/wp-json\/wp\/v2\/product_cat?post=349693"},{"taxonomy":"product_tag","embeddable":true,"href":"https:\/\/www.arclite-shop.de\/es\/wp-json\/wp\/v2\/product_tag?post=349693"}],"curies":[{"name":"wp","href":"https:\/\/api.w.org\/{rel}","templated":true}]}}