{"id":349687,"date":"2024-10-31T14:07:17","date_gmt":"2024-10-31T13:07:17","guid":{"rendered":"https:\/\/www.arclite-shop.de\/produkt\/02-4052899914636\/"},"modified":"2026-04-18T09:49:03","modified_gmt":"2026-04-18T07:49:03","slug":"02-4052899914636","status":"publish","type":"product","link":"https:\/\/www.arclite-shop.de\/es\/produkt\/02-4052899914636\/","title":{"rendered":"Sensores de luz y presencia"},"content":{"rendered":"<p>Licht- und Pr\u00e4senzsensoren. Produkteigenschaften: Licht- und Pr\u00e4senzsensor. Pr\u00e4senzerfassung \u00fcber passives IR-Element. Funktionsanzeige mit zweifarbiger LED. Integrierter Infrarot-Fernbedienungs-Empf\u00e4nger. Halogenfreies Polycarbonat-Kunststoffgeh\u00e4use. Anschluss \u00fcber verpolungssichere 4p4c-Steckbuchse (RJ10). Produktvorteile: VDE\/VDE EMV-zertifiziertes System. V(\u03bb)-korrigiertes Lichtsensorelement. Licht- und Pr\u00e4senzsensor \u00fcber Fernbedienung einzeln aktivierbar\/deaktivierbar. Pr\u00e4senzerfassungsbereich \u00fcber integrierte Shutter zwischen 40\u202690\u00b0 einstellbar. Anwendungsgebiete: Flure. B\u00fcroleuchten. Klassenzimmer. Deckenmontage \u00fcber LS\/PD CI KIT oder LS\/PD AP KIT m\u00f6glich.<\/p>\n","protected":false},"excerpt":{"rendered":"<p>Licht- und Pr\u00e4senzsensoren. Produkteigenschaften: Licht- und Pr\u00e4senzsensor. Pr\u00e4senzerfassung \u00fcber passives IR-Element. Funktionsanzeige mit zweifarbiger LED. Integrierter Infrarot-Fernbedienungs-Empf\u00e4nger. Halogenfreies Polycarbonat-Kunststoffgeh\u00e4use. Anschluss \u00fcber verpolungssichere 4p4c-Steckbuchse (RJ10). Produktvorteile: VDE\/VDE EMV-zertifiziertes System. V(\u03bb)-korrigiertes Lichtsensorelement. Licht- und Pr\u00e4senzsensor \u00fcber Fernbedienung einzeln aktivierbar\/deaktivierbar. Pr\u00e4senzerfassungsbereich \u00fcber integrierte<span class=\"excerpt-hellip\"> [\u2026]<\/span><\/p>\n","protected":false},"featured_media":367272,"template":"","meta":[],"product_brand":[],"product_cat":[87015],"product_tag":[],"class_list":{"0":"post-349687","1":"product","2":"type-product","3":"status-publish","4":"has-post-thumbnail","6":"product_cat-lichtregelsystemkomponente-ledvance","8":"first","9":"instock","10":"taxable","11":"shipping-taxable","12":"product-type-simple"},"_links":{"self":[{"href":"https:\/\/www.arclite-shop.de\/es\/wp-json\/wp\/v2\/product\/349687","targetHints":{"allow":["GET"]}}],"collection":[{"href":"https:\/\/www.arclite-shop.de\/es\/wp-json\/wp\/v2\/product"}],"about":[{"href":"https:\/\/www.arclite-shop.de\/es\/wp-json\/wp\/v2\/types\/product"}],"wp:featuredmedia":[{"embeddable":true,"href":"https:\/\/www.arclite-shop.de\/es\/wp-json\/wp\/v2\/media\/367272"}],"wp:attachment":[{"href":"https:\/\/www.arclite-shop.de\/es\/wp-json\/wp\/v2\/media?parent=349687"}],"wp:term":[{"taxonomy":"product_brand","embeddable":true,"href":"https:\/\/www.arclite-shop.de\/es\/wp-json\/wp\/v2\/product_brand?post=349687"},{"taxonomy":"product_cat","embeddable":true,"href":"https:\/\/www.arclite-shop.de\/es\/wp-json\/wp\/v2\/product_cat?post=349687"},{"taxonomy":"product_tag","embeddable":true,"href":"https:\/\/www.arclite-shop.de\/es\/wp-json\/wp\/v2\/product_tag?post=349687"}],"curies":[{"name":"wp","href":"https:\/\/api.w.org\/{rel}","templated":true}]}}