{"id":349660,"date":"2024-10-31T14:06:59","date_gmt":"2024-10-31T13:06:59","guid":{"rendered":"https:\/\/www.arclite-shop.de\/produkt\/02-4052899494206\/"},"modified":"2026-04-29T12:10:12","modified_gmt":"2026-04-29T10:10:12","slug":"02-4052899494206","status":"publish","type":"product","link":"https:\/\/www.arclite-shop.de\/es\/produkt\/02-4052899494206\/","title":{"rendered":"Corriente constante - Interior"},"content":{"rendered":"<p>Konstantstrom &#8211; Innenbereich. Produkteigenschaften: Versorgungsspannung: 220\u2026240 V. Netzfrequenz: 0 Hz | 50 Hz | 60 Hz. Netzspannung: 198\u2026264 V. Sicherheit nach EN 61347-1, 61347-2-3, 61347-2-13, 62384. Funkentst\u00f6rung nach EN 55015:2007+A1:2007\/CDN. Netzstromoberwellen nach EN 61000-3-2. Immunit\u00e4t, St\u00f6rfestigkeit nach EN 61547. Lebensdauer: bis zu 100.000 h (bei T c = 65 \u00b0C, max. 10 % Ausfallrate). SELV- und nicht-isolierte Versionen verf\u00fcgbar. Produktvorteile: Vielseitiger DALI-Weitbereichstreiber bis zu 90 W durch flexible Ausgangscharakteristik. Sehr hohe Effizienz und Zuverl\u00e4ssigkeit. Schutz des Systems dank Thermomanagement und Smart Control. Anwendungsgebiete: Einbau in Notbeleuchtungsanlagen gem\u00e4\u00df IEC 61347-2-13, Anhang J. F\u00fcr den Einsatz in Leuchten mit flexibler Stromeinstellung (DALI, CLO, LEDset) geeignet. Geeignet f\u00fcr Leuchten der Schutzklasse I.<\/p>\n","protected":false},"excerpt":{"rendered":"<p>Konstantstrom &#8211; Innenbereich. Produkteigenschaften: Versorgungsspannung: 220\u2026240 V. Netzfrequenz: 0 Hz | 50 Hz | 60 Hz. Netzspannung: 198\u2026264 V. Sicherheit nach EN 61347-1, 61347-2-3, 61347-2-13, 62384. Funkentst\u00f6rung nach EN 55015:2007+A1:2007\/CDN. Netzstromoberwellen nach EN 61000-3-2. Immunit\u00e4t, St\u00f6rfestigkeit nach EN 61547. Lebensdauer:<span class=\"excerpt-hellip\"> [\u2026]<\/span><\/p>\n","protected":false},"featured_media":284648,"template":"","meta":[],"product_brand":[],"product_cat":[87021],"product_tag":[],"class_list":{"0":"post-349660","1":"product","2":"type-product","3":"status-publish","4":"has-post-thumbnail","6":"product_cat-led-betriebsgeraet-ledvance","8":"first","9":"instock","10":"taxable","11":"shipping-taxable","12":"product-type-simple"},"_links":{"self":[{"href":"https:\/\/www.arclite-shop.de\/es\/wp-json\/wp\/v2\/product\/349660","targetHints":{"allow":["GET"]}}],"collection":[{"href":"https:\/\/www.arclite-shop.de\/es\/wp-json\/wp\/v2\/product"}],"about":[{"href":"https:\/\/www.arclite-shop.de\/es\/wp-json\/wp\/v2\/types\/product"}],"wp:featuredmedia":[{"embeddable":true,"href":"https:\/\/www.arclite-shop.de\/es\/wp-json\/wp\/v2\/media\/284648"}],"wp:attachment":[{"href":"https:\/\/www.arclite-shop.de\/es\/wp-json\/wp\/v2\/media?parent=349660"}],"wp:term":[{"taxonomy":"product_brand","embeddable":true,"href":"https:\/\/www.arclite-shop.de\/es\/wp-json\/wp\/v2\/product_brand?post=349660"},{"taxonomy":"product_cat","embeddable":true,"href":"https:\/\/www.arclite-shop.de\/es\/wp-json\/wp\/v2\/product_cat?post=349660"},{"taxonomy":"product_tag","embeddable":true,"href":"https:\/\/www.arclite-shop.de\/es\/wp-json\/wp\/v2\/product_tag?post=349660"}],"curies":[{"name":"wp","href":"https:\/\/api.w.org\/{rel}","templated":true}]}}