{"id":349650,"date":"2024-10-31T14:06:53","date_gmt":"2024-10-31T13:06:53","guid":{"rendered":"https:\/\/www.arclite-shop.de\/produkt\/02-4052899173781\/"},"modified":"2026-04-18T09:58:17","modified_gmt":"2026-04-18T07:58:17","slug":"02-4052899173781","status":"publish","type":"product","link":"https:\/\/www.arclite-shop.de\/es\/produkt\/02-4052899173781\/","title":{"rendered":"0\u2026 10 V, AstroDIM \u2013 controladores LED de corriente constante"},"content":{"rendered":"<p>0\u202610 V, AstroDIM \u2013 constant current LED drivers. Produkteigenschaften: Verf\u00fcgbar mit unterschiedlicher Leistung: 50 W, 100 W, 110 W. Eingangsspannung: 120\u2026277 V. Verf\u00fcgbar mit Ausgangsstrombereich: bis zu 1.400 mA. Flexible Stromeinstellung mit einer zus\u00e4tzlichen Leitung (LEDset2). AstroDIM f\u00fcr autonomes Dimmen mit f\u00fcnf unabh\u00e4ngigen Leveln (Astro-Modus). Isolierte 0\u202610 V-Schnittstelle f\u00fcr unidirektionale Telemanagement-Systeme. Konstantlichtstromnachf\u00fchrung. \u00dcbertemperaturschutz \u00fcber externen NTC oder LEDset2-Schnittstelle. Produktvorteile: 2DIM Funktionalit\u00e4t in einem Ger\u00e4t (AstroDIM, 0\u202610 V). Hoher \u00dcberspannungsschutz: bis zu 6 kV (in Schutzklasse I oder II). Schnelle Programmierung ohne Netzspannung. Hohe Effizienz und Zuverl\u00e4ssigkeit. Gro\u00dfe Flexibilit\u00e4t durch breiten Betriebstemperaturbereich von -40\u202655 \u00b0C. Schutz durch doppelte Isolierung zwischen Netzeingang und LED-Ausgang. Hoher IP Schutz (IP64). Anwendungsgebiete: Stra\u00dfen- und Stadtbeleuchtung. Industrie. Geeignet f\u00fcr Leuchten der Schutzklasse I und II. Technische Ausstattung: OT Programmer-Hardware f\u00fcr die Konfiguration von 2DIM-EVGs notwendig. Programmierbar mittels Tuner4TRONIC\u2122-Software.<\/p>\n","protected":false},"excerpt":{"rendered":"<p>0\u202610 V, AstroDIM \u2013 constant current LED drivers. Produkteigenschaften: Verf\u00fcgbar mit unterschiedlicher Leistung: 50 W, 100 W, 110 W. Eingangsspannung: 120\u2026277 V. Verf\u00fcgbar mit Ausgangsstrombereich: bis zu 1.400 mA. Flexible Stromeinstellung mit einer zus\u00e4tzlichen Leitung (LEDset2). AstroDIM f\u00fcr autonomes Dimmen<span class=\"excerpt-hellip\"> [\u2026]<\/span><\/p>\n","protected":false},"featured_media":367298,"template":"","meta":[],"product_brand":[],"product_cat":[87021],"product_tag":[],"class_list":{"0":"post-349650","1":"product","2":"type-product","3":"status-publish","4":"has-post-thumbnail","6":"product_cat-led-betriebsgeraet-ledvance","8":"first","9":"instock","10":"taxable","11":"shipping-taxable","12":"product-type-simple"},"_links":{"self":[{"href":"https:\/\/www.arclite-shop.de\/es\/wp-json\/wp\/v2\/product\/349650","targetHints":{"allow":["GET"]}}],"collection":[{"href":"https:\/\/www.arclite-shop.de\/es\/wp-json\/wp\/v2\/product"}],"about":[{"href":"https:\/\/www.arclite-shop.de\/es\/wp-json\/wp\/v2\/types\/product"}],"wp:featuredmedia":[{"embeddable":true,"href":"https:\/\/www.arclite-shop.de\/es\/wp-json\/wp\/v2\/media\/367298"}],"wp:attachment":[{"href":"https:\/\/www.arclite-shop.de\/es\/wp-json\/wp\/v2\/media?parent=349650"}],"wp:term":[{"taxonomy":"product_brand","embeddable":true,"href":"https:\/\/www.arclite-shop.de\/es\/wp-json\/wp\/v2\/product_brand?post=349650"},{"taxonomy":"product_cat","embeddable":true,"href":"https:\/\/www.arclite-shop.de\/es\/wp-json\/wp\/v2\/product_cat?post=349650"},{"taxonomy":"product_tag","embeddable":true,"href":"https:\/\/www.arclite-shop.de\/es\/wp-json\/wp\/v2\/product_tag?post=349650"}],"curies":[{"name":"wp","href":"https:\/\/api.w.org\/{rel}","templated":true}]}}