{"id":349536,"date":"2024-10-31T13:59:08","date_gmt":"2024-10-31T12:59:08","guid":{"rendered":"https:\/\/www.arclite-shop.de\/produkt\/03-90561800\/"},"modified":"2026-04-18T10:03:14","modified_gmt":"2026-04-18T08:03:14","slug":"03-90561800","status":"publish","type":"product","link":"https:\/\/www.arclite-shop.de\/es\/produkt\/03-90561800\/","title":{"rendered":"Balasto - HF-Selectalume II para l\u00e1mparas TL5"},"content":{"rendered":"<p>HF-Selectalume II ist eine extrem kosteneffiziente, zuverl\u00e4ssige, schlanke und preiswerte Leuchtstoffl\u00f6sung, die aufgrund ihrer modernen Technologie erhebliche Energieeinsparungen, eine hohe Systemflexibilit\u00e4t und eine beispiellose Leistungsf\u00e4higkeit bietet. Die sparsame HF-Selectalume II hat ein robustes Design und erf\u00fcllt alle relevanten internationalen Sicherheits- und Leistungsstandards. HF-Selectalume II wurde insbesondere f\u00fcr Innenbeleuchtungen wie Strahler, Downlights und Einbauleuchten entwickelt, die in vielen B\u00fcros, Gesch\u00e4ften, industriellen Einrichtungen, Hotels, Restaurants und anderen Anwendungen zum Einsatz kommen und nur gelegentlich ein- und ausgeschaltet werden<\/p>\n","protected":false},"excerpt":{"rendered":"<p>HF-Selectalume II ist eine extrem kosteneffiziente, zuverl\u00e4ssige, schlanke und preiswerte Leuchtstoffl\u00f6sung, die aufgrund ihrer modernen Technologie erhebliche Energieeinsparungen, eine hohe Systemflexibilit\u00e4t und eine beispiellose Leistungsf\u00e4higkeit bietet. Die sparsame HF-Selectalume II hat ein robustes Design und erf\u00fcllt alle relevanten internationalen Sicherheits-<span class=\"excerpt-hellip\"> [\u2026]<\/span><\/p>\n","protected":false},"featured_media":367330,"template":"","meta":[],"product_brand":[],"product_cat":[84437],"product_tag":[],"class_list":{"0":"post-349536","1":"product","2":"type-product","3":"status-publish","4":"has-post-thumbnail","6":"product_cat-vorschaltgeraet-signify","8":"first","9":"instock","10":"taxable","11":"shipping-taxable","12":"product-type-simple"},"_links":{"self":[{"href":"https:\/\/www.arclite-shop.de\/es\/wp-json\/wp\/v2\/product\/349536","targetHints":{"allow":["GET"]}}],"collection":[{"href":"https:\/\/www.arclite-shop.de\/es\/wp-json\/wp\/v2\/product"}],"about":[{"href":"https:\/\/www.arclite-shop.de\/es\/wp-json\/wp\/v2\/types\/product"}],"wp:featuredmedia":[{"embeddable":true,"href":"https:\/\/www.arclite-shop.de\/es\/wp-json\/wp\/v2\/media\/367330"}],"wp:attachment":[{"href":"https:\/\/www.arclite-shop.de\/es\/wp-json\/wp\/v2\/media?parent=349536"}],"wp:term":[{"taxonomy":"product_brand","embeddable":true,"href":"https:\/\/www.arclite-shop.de\/es\/wp-json\/wp\/v2\/product_brand?post=349536"},{"taxonomy":"product_cat","embeddable":true,"href":"https:\/\/www.arclite-shop.de\/es\/wp-json\/wp\/v2\/product_cat?post=349536"},{"taxonomy":"product_tag","embeddable":true,"href":"https:\/\/www.arclite-shop.de\/es\/wp-json\/wp\/v2\/product_tag?post=349536"}],"curies":[{"name":"wp","href":"https:\/\/api.w.org\/{rel}","templated":true}]}}