{"id":349483,"date":"2024-10-31T13:58:44","date_gmt":"2024-10-31T12:58:44","guid":{"rendered":"https:\/\/www.arclite-shop.de\/produkt\/03-55874940\/"},"modified":"2026-04-18T10:05:36","modified_gmt":"2026-04-18T08:05:36","slug":"03-55874940","status":"publish","type":"product","link":"https:\/\/www.arclite-shop.de\/es\/produkt\/03-55874940\/","title":{"rendered":"MASTER TL-D Super 80 - L\u00e1mpara fluorescente - Potencia del sistema: 36,6 W - Clase de eficiencia energ\u00e9tica: G - Temperatura de color m\u00e1s similar (Nom):  Nom): 3000 K"},"content":{"rendered":"<p>MASTER TL-D Super 80 mit 26 mm R\u00f6hrendurchmesser bietet eine hohe Effizienz (lm\/W) mit sehr guter Farbwiedergabe. Die Lampe kann in allen existierenden Leuchten mit TL-D Lampen eingesetzt werden.<\/p>\n","protected":false},"excerpt":{"rendered":"<p>MASTER TL-D Super 80 mit 26 mm R\u00f6hrendurchmesser bietet eine hohe Effizienz (lm\/W) mit sehr guter Farbwiedergabe. Die Lampe kann in allen existierenden Leuchten mit TL-D Lampen eingesetzt werden.<\/p>\n","protected":false},"featured_media":367374,"template":"","meta":[],"product_brand":[],"product_cat":[84417],"product_tag":[],"class_list":{"0":"post-349483","1":"product","2":"type-product","3":"status-publish","4":"has-post-thumbnail","6":"product_cat-leuchtstofflampe","8":"first","9":"instock","10":"taxable","11":"shipping-taxable","12":"product-type-simple"},"_links":{"self":[{"href":"https:\/\/www.arclite-shop.de\/es\/wp-json\/wp\/v2\/product\/349483","targetHints":{"allow":["GET"]}}],"collection":[{"href":"https:\/\/www.arclite-shop.de\/es\/wp-json\/wp\/v2\/product"}],"about":[{"href":"https:\/\/www.arclite-shop.de\/es\/wp-json\/wp\/v2\/types\/product"}],"wp:featuredmedia":[{"embeddable":true,"href":"https:\/\/www.arclite-shop.de\/es\/wp-json\/wp\/v2\/media\/367374"}],"wp:attachment":[{"href":"https:\/\/www.arclite-shop.de\/es\/wp-json\/wp\/v2\/media?parent=349483"}],"wp:term":[{"taxonomy":"product_brand","embeddable":true,"href":"https:\/\/www.arclite-shop.de\/es\/wp-json\/wp\/v2\/product_brand?post=349483"},{"taxonomy":"product_cat","embeddable":true,"href":"https:\/\/www.arclite-shop.de\/es\/wp-json\/wp\/v2\/product_cat?post=349483"},{"taxonomy":"product_tag","embeddable":true,"href":"https:\/\/www.arclite-shop.de\/es\/wp-json\/wp\/v2\/product_tag?post=349483"}],"curies":[{"name":"wp","href":"https:\/\/api.w.org\/{rel}","templated":true}]}}