{"id":349468,"date":"2024-10-31T13:58:36","date_gmt":"2024-10-31T12:58:36","guid":{"rendered":"https:\/\/www.arclite-shop.de\/produkt\/03-95111340\/"},"modified":"2026-04-18T10:06:13","modified_gmt":"2026-04-18T08:06:13","slug":"03-95111340","status":"publish","type":"product","link":"https:\/\/www.arclite-shop.de\/es\/produkt\/03-95111340\/","title":{"rendered":"Rendimiento del sistema de l\u00e1mpara UV con luz negra TL-D:  : 18 W"},"content":{"rendered":"<p>TL-D Blacklight Blue Schwarzlichtlampen mit 26 mm R\u00f6hrendurchmesser sind Niederdruck-Quecksilberdampflampen. Ihre innere H\u00fclle ist mit fluoreszierendem Pulver beschichtet, das UV-Strahlung emittiert und damit Lumineszenzeffekte erzielt.<\/p>\n","protected":false},"excerpt":{"rendered":"<p>TL-D Blacklight Blue Schwarzlichtlampen mit 26 mm R\u00f6hrendurchmesser sind Niederdruck-Quecksilberdampflampen. Ihre innere H\u00fclle ist mit fluoreszierendem Pulver beschichtet, das UV-Strahlung emittiert und damit Lumineszenzeffekte erzielt.<\/p>\n","protected":false},"featured_media":367388,"template":"","meta":[],"product_brand":[],"product_cat":[84340],"product_tag":[],"class_list":{"0":"post-349468","1":"product","2":"type-product","3":"status-publish","4":"has-post-thumbnail","6":"product_cat-uv-lampe","8":"first","9":"instock","10":"taxable","11":"shipping-taxable","12":"product-type-simple"},"_links":{"self":[{"href":"https:\/\/www.arclite-shop.de\/es\/wp-json\/wp\/v2\/product\/349468","targetHints":{"allow":["GET"]}}],"collection":[{"href":"https:\/\/www.arclite-shop.de\/es\/wp-json\/wp\/v2\/product"}],"about":[{"href":"https:\/\/www.arclite-shop.de\/es\/wp-json\/wp\/v2\/types\/product"}],"wp:featuredmedia":[{"embeddable":true,"href":"https:\/\/www.arclite-shop.de\/es\/wp-json\/wp\/v2\/media\/367388"}],"wp:attachment":[{"href":"https:\/\/www.arclite-shop.de\/es\/wp-json\/wp\/v2\/media?parent=349468"}],"wp:term":[{"taxonomy":"product_brand","embeddable":true,"href":"https:\/\/www.arclite-shop.de\/es\/wp-json\/wp\/v2\/product_brand?post=349468"},{"taxonomy":"product_cat","embeddable":true,"href":"https:\/\/www.arclite-shop.de\/es\/wp-json\/wp\/v2\/product_cat?post=349468"},{"taxonomy":"product_tag","embeddable":true,"href":"https:\/\/www.arclite-shop.de\/es\/wp-json\/wp\/v2\/product_tag?post=349468"}],"curies":[{"name":"wp","href":"https:\/\/api.w.org\/{rel}","templated":true}]}}