{"id":349446,"date":"2024-10-31T13:58:26","date_gmt":"2024-10-31T12:58:26","guid":{"rendered":"https:\/\/www.arclite-shop.de\/produkt\/03-43686330\/"},"modified":"2026-04-18T10:07:27","modified_gmt":"2026-04-18T08:07:27","slug":"03-43686330","status":"publish","type":"product","link":"https:\/\/www.arclite-shop.de\/es\/produkt\/03-43686330\/","title":{"rendered":"Especial hal\u00f3geno de baja tensi\u00f3n - L\u00e1mpara de estudio, proyecci\u00f3n y fotogr\u00e1fica - Potencia del sistema: 250 W"},"content":{"rendered":"<p>Die bereits hohe Lebensdauer der meisten Niedervolt-Halogenlampen wird durch die einzigartige P3-Technologie von Philips noch verl\u00e4ngert. Die Halogen Low Voltage erzeugt gleichm\u00e4\u00dfig wei\u00dfes Licht und die Lichtb\u00fcndelintensit\u00e4t sorgt f\u00fcr klare Farben auf der B\u00fchne.<\/p>\n","protected":false},"excerpt":{"rendered":"<p>Die bereits hohe Lebensdauer der meisten Niedervolt-Halogenlampen wird durch die einzigartige P3-Technologie von Philips noch verl\u00e4ngert. Die Halogen Low Voltage erzeugt gleichm\u00e4\u00dfig wei\u00dfes Licht und die Lichtb\u00fcndelintensit\u00e4t sorgt f\u00fcr klare Farben auf der B\u00fchne.<\/p>\n","protected":false},"featured_media":367398,"template":"","meta":[],"product_brand":[],"product_cat":[84339,84338],"product_tag":[],"class_list":{"0":"post-349446","1":"product","2":"type-product","3":"status-publish","4":"has-post-thumbnail","6":"product_cat-projektions-und-fotolampe","7":"product_cat-studio","9":"first","10":"instock","11":"taxable","12":"shipping-taxable","13":"product-type-simple"},"_links":{"self":[{"href":"https:\/\/www.arclite-shop.de\/es\/wp-json\/wp\/v2\/product\/349446","targetHints":{"allow":["GET"]}}],"collection":[{"href":"https:\/\/www.arclite-shop.de\/es\/wp-json\/wp\/v2\/product"}],"about":[{"href":"https:\/\/www.arclite-shop.de\/es\/wp-json\/wp\/v2\/types\/product"}],"wp:featuredmedia":[{"embeddable":true,"href":"https:\/\/www.arclite-shop.de\/es\/wp-json\/wp\/v2\/media\/367398"}],"wp:attachment":[{"href":"https:\/\/www.arclite-shop.de\/es\/wp-json\/wp\/v2\/media?parent=349446"}],"wp:term":[{"taxonomy":"product_brand","embeddable":true,"href":"https:\/\/www.arclite-shop.de\/es\/wp-json\/wp\/v2\/product_brand?post=349446"},{"taxonomy":"product_cat","embeddable":true,"href":"https:\/\/www.arclite-shop.de\/es\/wp-json\/wp\/v2\/product_cat?post=349446"},{"taxonomy":"product_tag","embeddable":true,"href":"https:\/\/www.arclite-shop.de\/es\/wp-json\/wp\/v2\/product_tag?post=349446"}],"curies":[{"name":"wp","href":"https:\/\/api.w.org\/{rel}","templated":true}]}}