{"id":349443,"date":"2024-10-31T13:58:24","date_gmt":"2024-10-31T12:58:24","guid":{"rendered":"https:\/\/www.arclite-shop.de\/produkt\/03-40985050\/"},"modified":"2026-04-18T10:07:36","modified_gmt":"2026-04-18T08:07:36","slug":"03-40985050","status":"publish","type":"product","link":"https:\/\/www.arclite-shop.de\/es\/produkt\/03-40985050\/","title":{"rendered":"Especial hal\u00f3geno - L\u00e1mpara de estudio, proyecci\u00f3n y fotogr\u00e1fica - Potencia del sistema: 100 W - Temperatura de color m\u00e1s similar (Nom): 3): 3300 K"},"content":{"rendered":"<p>Halogenlampen schaffen ein behagliches, warmwei\u00dfes Licht und behalten ihre Lichtausbeute w\u00e4hrend ihrer gesamten Lebensdauer. Zudem sind sie leicht zu installieren, ersetzen und bedienen. Dem reibungslosen Einsatz in der Medienproduktion und -pr\u00e4sentation steht nichts im Weg.<\/p>\n","protected":false},"excerpt":{"rendered":"<p>Halogenlampen schaffen ein behagliches, warmwei\u00dfes Licht und behalten ihre Lichtausbeute w\u00e4hrend ihrer gesamten Lebensdauer. Zudem sind sie leicht zu installieren, ersetzen und bedienen. Dem reibungslosen Einsatz in der Medienproduktion und -pr\u00e4sentation steht nichts im Weg.<\/p>\n","protected":false},"featured_media":367406,"template":"","meta":[],"product_brand":[],"product_cat":[84339,84338],"product_tag":[],"class_list":{"0":"post-349443","1":"product","2":"type-product","3":"status-publish","4":"has-post-thumbnail","6":"product_cat-projektions-und-fotolampe","7":"product_cat-studio","9":"first","10":"instock","11":"taxable","12":"shipping-taxable","13":"product-type-simple"},"_links":{"self":[{"href":"https:\/\/www.arclite-shop.de\/es\/wp-json\/wp\/v2\/product\/349443","targetHints":{"allow":["GET"]}}],"collection":[{"href":"https:\/\/www.arclite-shop.de\/es\/wp-json\/wp\/v2\/product"}],"about":[{"href":"https:\/\/www.arclite-shop.de\/es\/wp-json\/wp\/v2\/types\/product"}],"wp:featuredmedia":[{"embeddable":true,"href":"https:\/\/www.arclite-shop.de\/es\/wp-json\/wp\/v2\/media\/367406"}],"wp:attachment":[{"href":"https:\/\/www.arclite-shop.de\/es\/wp-json\/wp\/v2\/media?parent=349443"}],"wp:term":[{"taxonomy":"product_brand","embeddable":true,"href":"https:\/\/www.arclite-shop.de\/es\/wp-json\/wp\/v2\/product_brand?post=349443"},{"taxonomy":"product_cat","embeddable":true,"href":"https:\/\/www.arclite-shop.de\/es\/wp-json\/wp\/v2\/product_cat?post=349443"},{"taxonomy":"product_tag","embeddable":true,"href":"https:\/\/www.arclite-shop.de\/es\/wp-json\/wp\/v2\/product_tag?post=349443"}],"curies":[{"name":"wp","href":"https:\/\/api.w.org\/{rel}","templated":true}]}}