{"id":349427,"date":"2024-10-31T13:58:15","date_gmt":"2024-10-31T12:58:15","guid":{"rendered":"https:\/\/www.arclite-shop.de\/produkt\/03-26481740\/"},"modified":"2026-04-18T10:08:13","modified_gmt":"2026-04-18T08:08:13","slug":"03-26481740","status":"publish","type":"product","link":"https:\/\/www.arclite-shop.de\/es\/produkt\/03-26481740\/","title":{"rendered":"BL ACTINIC PL-S\/PL-L - L\u00e1mpara UV - Potencia del sistema: 36 W"},"content":{"rendered":"<p>Mit einem optimierten Spektrum, das der Augenempfindlichkeit der Stubenfliege entspricht, sind die Actinic BL TL(-K)\/TL-D(-K)\/TL-E\/PL-S und PL-L Lampen perfekt geeignet, um Insekten anzuziehen. Sie haben praktisch keinen UV-B-Anteil und sind daher absolut sicher. Ferner stellen diese Lampen mit dem niedrigsten Quecksilbergehalt der Branche und ihrer 100%igen Bleifreiheit eine sehr gute Wahl f\u00fcr die Umwelt dar. Dar\u00fcber hinaus erm\u00f6glicht die Verf\u00fcgbarkeit einer Vielzahl von Bauformen (r\u00f6hrenf\u00f6rmig (T5, T8, T12), kreisf\u00f6rmig (TL-E) und kompakt (PL-S\/PL-L)) und Wattagen die Entwicklung aller Arten von Designs f\u00fcr Ihre elektronischen Insektenvernichter.<\/p>\n","protected":false},"excerpt":{"rendered":"<p>Mit einem optimierten Spektrum, das der Augenempfindlichkeit der Stubenfliege entspricht, sind die Actinic BL TL(-K)\/TL-D(-K)\/TL-E\/PL-S und PL-L Lampen perfekt geeignet, um Insekten anzuziehen. Sie haben praktisch keinen UV-B-Anteil und sind daher absolut sicher. Ferner stellen diese Lampen mit dem niedrigsten<span class=\"excerpt-hellip\"> [\u2026]<\/span><\/p>\n","protected":false},"featured_media":367410,"template":"","meta":[],"product_brand":[],"product_cat":[84340],"product_tag":[],"class_list":{"0":"post-349427","1":"product","2":"type-product","3":"status-publish","4":"has-post-thumbnail","6":"product_cat-uv-lampe","8":"first","9":"instock","10":"taxable","11":"shipping-taxable","12":"product-type-simple"},"_links":{"self":[{"href":"https:\/\/www.arclite-shop.de\/es\/wp-json\/wp\/v2\/product\/349427","targetHints":{"allow":["GET"]}}],"collection":[{"href":"https:\/\/www.arclite-shop.de\/es\/wp-json\/wp\/v2\/product"}],"about":[{"href":"https:\/\/www.arclite-shop.de\/es\/wp-json\/wp\/v2\/types\/product"}],"wp:featuredmedia":[{"embeddable":true,"href":"https:\/\/www.arclite-shop.de\/es\/wp-json\/wp\/v2\/media\/367410"}],"wp:attachment":[{"href":"https:\/\/www.arclite-shop.de\/es\/wp-json\/wp\/v2\/media?parent=349427"}],"wp:term":[{"taxonomy":"product_brand","embeddable":true,"href":"https:\/\/www.arclite-shop.de\/es\/wp-json\/wp\/v2\/product_brand?post=349427"},{"taxonomy":"product_cat","embeddable":true,"href":"https:\/\/www.arclite-shop.de\/es\/wp-json\/wp\/v2\/product_cat?post=349427"},{"taxonomy":"product_tag","embeddable":true,"href":"https:\/\/www.arclite-shop.de\/es\/wp-json\/wp\/v2\/product_tag?post=349427"}],"curies":[{"name":"wp","href":"https:\/\/api.w.org\/{rel}","templated":true}]}}