{"id":349364,"date":"2024-10-31T13:57:45","date_gmt":"2024-10-31T12:57:45","guid":{"rendered":"https:\/\/www.arclite-shop.de\/produkt\/03-68952200\/"},"modified":"2026-03-07T04:54:24","modified_gmt":"2026-03-07T03:54:24","slug":"03-68952200","status":"publish","type":"product","link":"https:\/\/www.arclite-shop.de\/es\/produkt\/03-68952200\/","title":{"rendered":"MASTERColour CDM-R111 Elite - L\u00e1mpara reflectora de haluro met\u00e1lico hal\u00f3geno - Potencia del sistema: 39,1 W - Clase de eficiencia energ\u00e9tica: G - Temperatura de color m\u00e1s similar"},"content":{"rendered":"<p>MASTERColour CDM-R111 Elite kombiniert das moderne Aussehen der 111 mm Aluminumreflektor-Halogenlampen mit der langen Lebensdauer, der hohen Energieeffizienz und dem funkelnden wei\u00dfen Licht der MASTERColour CDM Lampe.<\/p>\n","protected":false},"excerpt":{"rendered":"<p>MASTERColour CDM-R111 Elite kombiniert das moderne Aussehen der 111 mm Aluminumreflektor-Halogenlampen mit der langen Lebensdauer, der hohen Energieeffizienz und dem funkelnden wei\u00dfen Licht der MASTERColour CDM Lampe.<\/p>\n","protected":false},"featured_media":367450,"template":"","meta":[],"product_brand":[],"product_cat":[84320],"product_tag":[],"class_list":{"0":"post-349364","1":"product","2":"type-product","3":"status-publish","4":"has-post-thumbnail","6":"product_cat-halogen-metalldampflampe-mit-reflektor","8":"first","9":"instock","10":"taxable","11":"shipping-taxable","12":"product-type-simple"},"_links":{"self":[{"href":"https:\/\/www.arclite-shop.de\/es\/wp-json\/wp\/v2\/product\/349364","targetHints":{"allow":["GET"]}}],"collection":[{"href":"https:\/\/www.arclite-shop.de\/es\/wp-json\/wp\/v2\/product"}],"about":[{"href":"https:\/\/www.arclite-shop.de\/es\/wp-json\/wp\/v2\/types\/product"}],"wp:featuredmedia":[{"embeddable":true,"href":"https:\/\/www.arclite-shop.de\/es\/wp-json\/wp\/v2\/media\/367450"}],"wp:attachment":[{"href":"https:\/\/www.arclite-shop.de\/es\/wp-json\/wp\/v2\/media?parent=349364"}],"wp:term":[{"taxonomy":"product_brand","embeddable":true,"href":"https:\/\/www.arclite-shop.de\/es\/wp-json\/wp\/v2\/product_brand?post=349364"},{"taxonomy":"product_cat","embeddable":true,"href":"https:\/\/www.arclite-shop.de\/es\/wp-json\/wp\/v2\/product_cat?post=349364"},{"taxonomy":"product_tag","embeddable":true,"href":"https:\/\/www.arclite-shop.de\/es\/wp-json\/wp\/v2\/product_tag?post=349364"}],"curies":[{"name":"wp","href":"https:\/\/api.w.org\/{rel}","templated":true}]}}