{"id":349223,"date":"2024-10-31T13:56:32","date_gmt":"2024-10-31T12:56:32","guid":{"rendered":"https:\/\/www.arclite-shop.de\/produkt\/03-26396300\/"},"modified":"2026-04-18T10:18:39","modified_gmt":"2026-04-18T08:18:39","slug":"03-26396300","status":"publish","type":"product","link":"https:\/\/www.arclite-shop.de\/es\/produkt\/03-26396300\/","title":{"rendered":"Forma de bombilla incandescente SceneSwitch - L\u00e1mpara LED\/Multi-LED - Consumo energ\u00e9tico: 1,6 W3 W7,5 W - Clase de eficiencia energ\u00e9tica: F"},"content":{"rendered":"<p>Mit Philips SceneSwitch k\u00f6nnen durch mehrmaliges Bet\u00e4tigen des normalen Lichtschalters drei unterschiedliche Lichtstimmungen angew\u00e4hlt werden: 100 %\/40 %\/10 % Helligkeit. Ganz ohne Dimmer und ohne Installationsaufwand. Zus\u00e4tzlich wird durch den Lichteffekt von DimTone das Ambiente in den dunkleren Einstellungen sichtbar w\u00e4rmer. Dank der integrierten Memory-Funktion bleibt zudem die zuletzt gew\u00e4hlte Einstellung auch dann einprogrammiert, wenn das Licht l\u00e4ngerfristig ausgeschaltet wird.<\/p>\n","protected":false},"excerpt":{"rendered":"<p>Mit Philips SceneSwitch k\u00f6nnen durch mehrmaliges Bet\u00e4tigen des normalen Lichtschalters drei unterschiedliche Lichtstimmungen angew\u00e4hlt werden: 100 %\/40 %\/10 % Helligkeit. Ganz ohne Dimmer und ohne Installationsaufwand. Zus\u00e4tzlich wird durch den Lichteffekt von DimTone das Ambiente in den dunkleren Einstellungen sichtbar<span class=\"excerpt-hellip\"> [\u2026]<\/span><\/p>\n","protected":false},"featured_media":367546,"template":"","meta":[],"product_brand":[],"product_cat":[83758],"product_tag":[],"class_list":{"0":"post-349223","1":"product","2":"type-product","3":"status-publish","4":"has-post-thumbnail","6":"product_cat-led-lampe-multi-led-signify","8":"first","9":"instock","10":"taxable","11":"shipping-taxable","12":"product-type-simple"},"_links":{"self":[{"href":"https:\/\/www.arclite-shop.de\/es\/wp-json\/wp\/v2\/product\/349223","targetHints":{"allow":["GET"]}}],"collection":[{"href":"https:\/\/www.arclite-shop.de\/es\/wp-json\/wp\/v2\/product"}],"about":[{"href":"https:\/\/www.arclite-shop.de\/es\/wp-json\/wp\/v2\/types\/product"}],"wp:featuredmedia":[{"embeddable":true,"href":"https:\/\/www.arclite-shop.de\/es\/wp-json\/wp\/v2\/media\/367546"}],"wp:attachment":[{"href":"https:\/\/www.arclite-shop.de\/es\/wp-json\/wp\/v2\/media?parent=349223"}],"wp:term":[{"taxonomy":"product_brand","embeddable":true,"href":"https:\/\/www.arclite-shop.de\/es\/wp-json\/wp\/v2\/product_brand?post=349223"},{"taxonomy":"product_cat","embeddable":true,"href":"https:\/\/www.arclite-shop.de\/es\/wp-json\/wp\/v2\/product_cat?post=349223"},{"taxonomy":"product_tag","embeddable":true,"href":"https:\/\/www.arclite-shop.de\/es\/wp-json\/wp\/v2\/product_tag?post=349223"}],"curies":[{"name":"wp","href":"https:\/\/api.w.org\/{rel}","templated":true}]}}