{"id":349222,"date":"2024-10-31T13:56:32","date_gmt":"2024-10-31T12:56:32","guid":{"rendered":"https:\/\/www.arclite-shop.de\/produkt\/03-17102200\/"},"modified":"2026-04-18T10:18:35","modified_gmt":"2026-04-18T08:18:35","slug":"03-17102200","status":"publish","type":"product","link":"https:\/\/www.arclite-shop.de\/es\/produkt\/03-17102200\/","title":{"rendered":"L\u00e1mparas CorePro LEDcapsule G4\/GY de 6,35 pines - L\u00e1mpara LED\/Multi-LED - Potencia del sistema: 4,2 W - Clase de eficiencia energ\u00e9tica: F"},"content":{"rendered":"<p>Die CorePro LEDcapsule ist eine echte Alternative zu Niedervolthalogenstiftsockellampen mit G4 Sockel. Sie eignet sich insbesondere f\u00fcr die Allgemeinbeleuchtung sowie f\u00fcr dekorative Anwendungen in Gesch\u00e4ften, Hotels, Restaurants und zuhause. Die CorePro LEDcapsule kann in vorhandene Leuchten mit G4-Fassung anstelle von Halogenstiftsockellampenn eingesetzt werden und erlaubt bei gleichbleibender Lichtqualit\u00e4t eine erhebliche Reduzierung von Energieverbrauch und Wartungskosten.<\/p>\n","protected":false},"excerpt":{"rendered":"<p>Die CorePro LEDcapsule ist eine echte Alternative zu Niedervolthalogenstiftsockellampen mit G4 Sockel. Sie eignet sich insbesondere f\u00fcr die Allgemeinbeleuchtung sowie f\u00fcr dekorative Anwendungen in Gesch\u00e4ften, Hotels, Restaurants und zuhause. Die CorePro LEDcapsule kann in vorhandene Leuchten mit G4-Fassung anstelle von<span class=\"excerpt-hellip\"> [\u2026]<\/span><\/p>\n","protected":false},"featured_media":367544,"template":"","meta":[],"product_brand":[],"product_cat":[83758],"product_tag":[],"class_list":{"0":"post-349222","1":"product","2":"type-product","3":"status-publish","4":"has-post-thumbnail","6":"product_cat-led-lampe-multi-led-signify","8":"first","9":"instock","10":"taxable","11":"shipping-taxable","12":"product-type-simple"},"_links":{"self":[{"href":"https:\/\/www.arclite-shop.de\/es\/wp-json\/wp\/v2\/product\/349222","targetHints":{"allow":["GET"]}}],"collection":[{"href":"https:\/\/www.arclite-shop.de\/es\/wp-json\/wp\/v2\/product"}],"about":[{"href":"https:\/\/www.arclite-shop.de\/es\/wp-json\/wp\/v2\/types\/product"}],"wp:featuredmedia":[{"embeddable":true,"href":"https:\/\/www.arclite-shop.de\/es\/wp-json\/wp\/v2\/media\/367544"}],"wp:attachment":[{"href":"https:\/\/www.arclite-shop.de\/es\/wp-json\/wp\/v2\/media?parent=349222"}],"wp:term":[{"taxonomy":"product_brand","embeddable":true,"href":"https:\/\/www.arclite-shop.de\/es\/wp-json\/wp\/v2\/product_brand?post=349222"},{"taxonomy":"product_cat","embeddable":true,"href":"https:\/\/www.arclite-shop.de\/es\/wp-json\/wp\/v2\/product_cat?post=349222"},{"taxonomy":"product_tag","embeddable":true,"href":"https:\/\/www.arclite-shop.de\/es\/wp-json\/wp\/v2\/product_tag?post=349222"}],"curies":[{"name":"wp","href":"https:\/\/api.w.org\/{rel}","templated":true}]}}