{"id":349122,"date":"2024-10-31T13:55:45","date_gmt":"2024-10-31T12:55:45","guid":{"rendered":"https:\/\/www.arclite-shop.de\/produkt\/03-34661100\/"},"modified":"2026-04-18T10:25:44","modified_gmt":"2026-04-18T08:25:44","slug":"03-34661100","status":"publish","type":"product","link":"https:\/\/www.arclite-shop.de\/es\/produkt\/03-34661100\/","title":{"rendered":"L\u00e1mparas CorePro de cristal con alta intensidad luminosa - L\u00e1mpara LED\/Multi-LED - Consumo energ\u00e9tico: 17,5 W - Clase de eficiencia energ\u00e9tica: D - Temperatura de color m\u00e1s cercanaeratur"},"content":{"rendered":"<p>Diese CorePro LED-Gl\u00fchlampen im klassischem Design vereinen die vertrauten Formen der klassischen Gl\u00fchlampen mit den Vorteilen der langlebigen LED-Technologie. Diese LED-Gl\u00fchlampen mit hohem Lumen-Wert sind eine sehr einfache Wahl f\u00fcr alle, die nach einem LED-Ersatz zur Um- und Nachr\u00fcstung suchen. Sie bieten 90% Energieeinsparung im Vergleich zu herk\u00f6mmlichen Gl\u00fchlampen. CorePro LED-Gl\u00fchlampen mit hohem Lumen-Wert bieten eine hervorragende Lichtqualit\u00e4t. Sie erhalten eine energiesparende LED-Beleuchtung mit einer Lebensdauer von 15.000 Stunden zur Reduzierung der Wartungskosten.<\/p>\n","protected":false},"excerpt":{"rendered":"<p>Diese CorePro LED-Gl\u00fchlampen im klassischem Design vereinen die vertrauten Formen der klassischen Gl\u00fchlampen mit den Vorteilen der langlebigen LED-Technologie. Diese LED-Gl\u00fchlampen mit hohem Lumen-Wert sind eine sehr einfache Wahl f\u00fcr alle, die nach einem LED-Ersatz zur Um- und Nachr\u00fcstung suchen.<span class=\"excerpt-hellip\"> [\u2026]<\/span><\/p>\n","protected":false},"featured_media":367632,"template":"","meta":[],"product_brand":[],"product_cat":[83758],"product_tag":[],"class_list":{"0":"post-349122","1":"product","2":"type-product","3":"status-publish","4":"has-post-thumbnail","6":"product_cat-led-lampe-multi-led-signify","8":"first","9":"instock","10":"taxable","11":"shipping-taxable","12":"product-type-simple"},"_links":{"self":[{"href":"https:\/\/www.arclite-shop.de\/es\/wp-json\/wp\/v2\/product\/349122","targetHints":{"allow":["GET"]}}],"collection":[{"href":"https:\/\/www.arclite-shop.de\/es\/wp-json\/wp\/v2\/product"}],"about":[{"href":"https:\/\/www.arclite-shop.de\/es\/wp-json\/wp\/v2\/types\/product"}],"wp:featuredmedia":[{"embeddable":true,"href":"https:\/\/www.arclite-shop.de\/es\/wp-json\/wp\/v2\/media\/367632"}],"wp:attachment":[{"href":"https:\/\/www.arclite-shop.de\/es\/wp-json\/wp\/v2\/media?parent=349122"}],"wp:term":[{"taxonomy":"product_brand","embeddable":true,"href":"https:\/\/www.arclite-shop.de\/es\/wp-json\/wp\/v2\/product_brand?post=349122"},{"taxonomy":"product_cat","embeddable":true,"href":"https:\/\/www.arclite-shop.de\/es\/wp-json\/wp\/v2\/product_cat?post=349122"},{"taxonomy":"product_tag","embeddable":true,"href":"https:\/\/www.arclite-shop.de\/es\/wp-json\/wp\/v2\/product_tag?post=349122"}],"curies":[{"name":"wp","href":"https:\/\/api.w.org\/{rel}","templated":true}]}}