{"id":349101,"date":"2024-10-31T13:55:36","date_gmt":"2024-10-31T12:55:36","guid":{"rendered":"https:\/\/www.arclite-shop.de\/produkt\/03-16909800\/"},"modified":"2026-04-18T10:26:43","modified_gmt":"2026-04-18T08:26:43","slug":"03-16909800","status":"publish","type":"product","link":"https:\/\/www.arclite-shop.de\/es\/produkt\/03-16909800\/","title":{"rendered":"Forma de la bombilla CorePro LED - L\u00e1mpara LED\/Multi-LED - Potencia del sistema: 13 W - Clase de eficiencia energ\u00e9tica: E - Temperatura de color m\u00e1s similar (Nom):  Nom): 4000 K"},"content":{"rendered":"<p>Wer Wert auf eine angenehme Beleuchtung zum g\u00fcnstigen Preis legt, greift gerne auf die Rennertype CorePro LEDbulb zur\u00fcck. Sie ist ideal f\u00fcr allgemeine Beleuchtungsanwendungen und erzeugt ein warmes Licht bei geringem Energieverbrauch.<\/p>\n","protected":false},"excerpt":{"rendered":"<p>Wer Wert auf eine angenehme Beleuchtung zum g\u00fcnstigen Preis legt, greift gerne auf die Rennertype CorePro LEDbulb zur\u00fcck. Sie ist ideal f\u00fcr allgemeine Beleuchtungsanwendungen und erzeugt ein warmes Licht bei geringem Energieverbrauch.<\/p>\n","protected":false},"featured_media":367642,"template":"","meta":[],"product_brand":[],"product_cat":[83758],"product_tag":[],"class_list":{"0":"post-349101","1":"product","2":"type-product","3":"status-publish","4":"has-post-thumbnail","6":"product_cat-led-lampe-multi-led-signify","8":"first","9":"outofstock","10":"taxable","11":"shipping-taxable","12":"product-type-simple"},"_links":{"self":[{"href":"https:\/\/www.arclite-shop.de\/es\/wp-json\/wp\/v2\/product\/349101","targetHints":{"allow":["GET"]}}],"collection":[{"href":"https:\/\/www.arclite-shop.de\/es\/wp-json\/wp\/v2\/product"}],"about":[{"href":"https:\/\/www.arclite-shop.de\/es\/wp-json\/wp\/v2\/types\/product"}],"wp:featuredmedia":[{"embeddable":true,"href":"https:\/\/www.arclite-shop.de\/es\/wp-json\/wp\/v2\/media\/367642"}],"wp:attachment":[{"href":"https:\/\/www.arclite-shop.de\/es\/wp-json\/wp\/v2\/media?parent=349101"}],"wp:term":[{"taxonomy":"product_brand","embeddable":true,"href":"https:\/\/www.arclite-shop.de\/es\/wp-json\/wp\/v2\/product_brand?post=349101"},{"taxonomy":"product_cat","embeddable":true,"href":"https:\/\/www.arclite-shop.de\/es\/wp-json\/wp\/v2\/product_cat?post=349101"},{"taxonomy":"product_tag","embeddable":true,"href":"https:\/\/www.arclite-shop.de\/es\/wp-json\/wp\/v2\/product_tag?post=349101"}],"curies":[{"name":"wp","href":"https:\/\/api.w.org\/{rel}","templated":true}]}}