{"id":349092,"date":"2024-10-31T13:55:32","date_gmt":"2024-10-31T12:55:32","guid":{"rendered":"https:\/\/www.arclite-shop.de\/produkt\/03-65780200\/"},"modified":"2026-04-18T10:27:05","modified_gmt":"2026-04-18T08:27:05","slug":"03-65780200","status":"publish","type":"product","link":"https:\/\/www.arclite-shop.de\/es\/produkt\/03-65780200\/","title":{"rendered":"L\u00e1mparas base de bol\u00edgrafo CorePro LEDcapsule G9 - L\u00e1mpara LED\/Multi-LED - Potencia del sistema: 4,8 W - Clase de eficiencia energ\u00e9tica: E"},"content":{"rendered":"<p>Die einseitig gesockelte, mit Netzspannung betriebene LED-Stiftsockellampe f\u00fcr Leuchten mit G9-Fassung verf\u00fcgt \u00fcber eine Rundum-Lichtabstrahlung und ist damit eine echte Alternative zu Halogenstiftsockellampen. Sie eignet sich insbesondere f\u00fcr die Allgemeinbeleuchtung in Gesch\u00e4ften, Hotels und Restaurants und kann sowohl in Tischleuchten als auch f\u00fcr die Schrankbeleuchtung verwendet werden. Sie erlaubt bei gleichbleibender Lichtqualit\u00e4t eine erhebliche Reduzierung von Energieverbrauch und Wartungskosten.<\/p>\n","protected":false},"excerpt":{"rendered":"<p>Die einseitig gesockelte, mit Netzspannung betriebene LED-Stiftsockellampe f\u00fcr Leuchten mit G9-Fassung verf\u00fcgt \u00fcber eine Rundum-Lichtabstrahlung und ist damit eine echte Alternative zu Halogenstiftsockellampen. Sie eignet sich insbesondere f\u00fcr die Allgemeinbeleuchtung in Gesch\u00e4ften, Hotels und Restaurants und kann sowohl in Tischleuchten<span class=\"excerpt-hellip\"> [\u2026]<\/span><\/p>\n","protected":false},"featured_media":367648,"template":"","meta":[],"product_brand":[],"product_cat":[83758],"product_tag":[],"class_list":{"0":"post-349092","1":"product","2":"type-product","3":"status-publish","4":"has-post-thumbnail","6":"product_cat-led-lampe-multi-led-signify","8":"first","9":"instock","10":"taxable","11":"shipping-taxable","12":"product-type-simple"},"_links":{"self":[{"href":"https:\/\/www.arclite-shop.de\/es\/wp-json\/wp\/v2\/product\/349092","targetHints":{"allow":["GET"]}}],"collection":[{"href":"https:\/\/www.arclite-shop.de\/es\/wp-json\/wp\/v2\/product"}],"about":[{"href":"https:\/\/www.arclite-shop.de\/es\/wp-json\/wp\/v2\/types\/product"}],"wp:featuredmedia":[{"embeddable":true,"href":"https:\/\/www.arclite-shop.de\/es\/wp-json\/wp\/v2\/media\/367648"}],"wp:attachment":[{"href":"https:\/\/www.arclite-shop.de\/es\/wp-json\/wp\/v2\/media?parent=349092"}],"wp:term":[{"taxonomy":"product_brand","embeddable":true,"href":"https:\/\/www.arclite-shop.de\/es\/wp-json\/wp\/v2\/product_brand?post=349092"},{"taxonomy":"product_cat","embeddable":true,"href":"https:\/\/www.arclite-shop.de\/es\/wp-json\/wp\/v2\/product_cat?post=349092"},{"taxonomy":"product_tag","embeddable":true,"href":"https:\/\/www.arclite-shop.de\/es\/wp-json\/wp\/v2\/product_tag?post=349092"}],"curies":[{"name":"wp","href":"https:\/\/api.w.org\/{rel}","templated":true}]}}