{"id":349077,"date":"2024-10-31T13:55:25","date_gmt":"2024-10-31T12:55:25","guid":{"rendered":"https:\/\/www.arclite-shop.de\/produkt\/03-34712000\/"},"modified":"2026-04-18T10:28:38","modified_gmt":"2026-04-18T08:28:38","slug":"03-34712000","status":"publish","type":"product","link":"https:\/\/www.arclite-shop.de\/es\/produkt\/03-34712000\/","title":{"rendered":"Bombillas LED CorePro GLass - L\u00e1mpara LED\/Multi-LED - Consumo energ\u00e9tico: 8,5 W - Clase de eficiencia energ\u00e9tica: E - Temperatura de color m\u00e1s similar (Nom): 2700 K"},"content":{"rendered":"<p>Diese LED-Gl\u00fchlampen im klassischem Design vereinen die vertrauten Formen der klassischen Gl\u00fchlampen mit den Vorteilen der langlebigen LED-Technologie. Diese LED-Gl\u00fchlampen sind eine sehr einfache Wahl f\u00fcr alle, die nach einem LED-Ersatz zur Um- und Nachr\u00fcstung suchen. Sie bieten 90% Energieeinsparung im Vergleich zu herk\u00f6mmlichen Gl\u00fchlampen. CorePro Glass LED-Gl\u00fchlampen aus Glas bieten eine hervorragende Lichtqualit\u00e4t im Vintage-Look. CorePro bietet eine Lebensdauer von 15.000 Stunden und senkt so die Wartungskosten.<\/p>\n","protected":false},"excerpt":{"rendered":"<p>Diese LED-Gl\u00fchlampen im klassischem Design vereinen die vertrauten Formen der klassischen Gl\u00fchlampen mit den Vorteilen der langlebigen LED-Technologie. Diese LED-Gl\u00fchlampen sind eine sehr einfache Wahl f\u00fcr alle, die nach einem LED-Ersatz zur Um- und Nachr\u00fcstung suchen. Sie bieten 90% Energieeinsparung<span class=\"excerpt-hellip\"> [\u2026]<\/span><\/p>\n","protected":false},"featured_media":367666,"template":"","meta":[],"product_brand":[],"product_cat":[83758],"product_tag":[],"class_list":{"0":"post-349077","1":"product","2":"type-product","3":"status-publish","4":"has-post-thumbnail","6":"product_cat-led-lampe-multi-led-signify","8":"first","9":"instock","10":"taxable","11":"shipping-taxable","12":"product-type-simple"},"_links":{"self":[{"href":"https:\/\/www.arclite-shop.de\/es\/wp-json\/wp\/v2\/product\/349077","targetHints":{"allow":["GET"]}}],"collection":[{"href":"https:\/\/www.arclite-shop.de\/es\/wp-json\/wp\/v2\/product"}],"about":[{"href":"https:\/\/www.arclite-shop.de\/es\/wp-json\/wp\/v2\/types\/product"}],"wp:featuredmedia":[{"embeddable":true,"href":"https:\/\/www.arclite-shop.de\/es\/wp-json\/wp\/v2\/media\/367666"}],"wp:attachment":[{"href":"https:\/\/www.arclite-shop.de\/es\/wp-json\/wp\/v2\/media?parent=349077"}],"wp:term":[{"taxonomy":"product_brand","embeddable":true,"href":"https:\/\/www.arclite-shop.de\/es\/wp-json\/wp\/v2\/product_brand?post=349077"},{"taxonomy":"product_cat","embeddable":true,"href":"https:\/\/www.arclite-shop.de\/es\/wp-json\/wp\/v2\/product_cat?post=349077"},{"taxonomy":"product_tag","embeddable":true,"href":"https:\/\/www.arclite-shop.de\/es\/wp-json\/wp\/v2\/product_tag?post=349077"}],"curies":[{"name":"wp","href":"https:\/\/api.w.org\/{rel}","templated":true}]}}