{"id":347597,"date":"2024-10-31T11:37:18","date_gmt":"2024-10-31T10:37:18","guid":{"rendered":"https:\/\/www.arclite-shop.de\/produkt\/856-aa82554-02\/"},"modified":"2026-04-18T10:58:36","modified_gmt":"2026-04-18T08:58:36","slug":"856-aa82554-02","status":"publish","type":"product","link":"https:\/\/www.arclite-shop.de\/es\/produkt\/856-aa82554-02\/","title":{"rendered":"trackCENTURY 20 - Foco giratorio de pista negro - 856-AA82554.02"},"content":{"rendered":"<p>Klassischer und preiswerter Schienenstrahler mit GU10-Lampenfassung f\u00fcr LED-Retrofitlampen PAR16. Geeignet f\u00fcr den Austausch von 35W- und 50W GU10-PAR16 Halogenlampen. Aluminiumgeh\u00e4use, pulverbeschichtet. Inklusive dekorativem Frontring. Drehbereich 355\u00b0. Schwenkbereich 90\u00b0. Universeller Schienenadapter. 5 Jahre Garantie. Goldener Frontring als Accessoire, inkl. 3-Phasen Adapter GA69<\/p>\n","protected":false},"excerpt":{"rendered":"<p>Klassischer und preiswerter Schienenstrahler mit GU10-Lampenfassung f\u00fcr LED-Retrofitlampen PAR16. Geeignet f\u00fcr den Austausch von 35W- und 50W GU10-PAR16 Halogenlampen. Aluminiumgeh\u00e4use, pulverbeschichtet. Inklusive dekorativem Frontring. Drehbereich 355\u00b0. Schwenkbereich 90\u00b0. Universeller Schienenadapter. 5 Jahre Garantie. Goldener Frontring als Accessoire, inkl. 3-Phasen Adapter<span class=\"excerpt-hellip\"> [\u2026]<\/span><\/p>\n","protected":false},"featured_media":367840,"template":"","meta":[],"product_brand":[],"product_cat":[85769],"product_tag":[],"class_list":{"0":"post-347597","1":"product","2":"type-product","3":"status-publish","4":"has-post-thumbnail","6":"product_cat-schienenstrahler-dreh-schwenkbar","8":"first","9":"outofstock","10":"taxable","11":"shipping-taxable","12":"product-type-simple"},"_links":{"self":[{"href":"https:\/\/www.arclite-shop.de\/es\/wp-json\/wp\/v2\/product\/347597","targetHints":{"allow":["GET"]}}],"collection":[{"href":"https:\/\/www.arclite-shop.de\/es\/wp-json\/wp\/v2\/product"}],"about":[{"href":"https:\/\/www.arclite-shop.de\/es\/wp-json\/wp\/v2\/types\/product"}],"wp:featuredmedia":[{"embeddable":true,"href":"https:\/\/www.arclite-shop.de\/es\/wp-json\/wp\/v2\/media\/367840"}],"wp:attachment":[{"href":"https:\/\/www.arclite-shop.de\/es\/wp-json\/wp\/v2\/media?parent=347597"}],"wp:term":[{"taxonomy":"product_brand","embeddable":true,"href":"https:\/\/www.arclite-shop.de\/es\/wp-json\/wp\/v2\/product_brand?post=347597"},{"taxonomy":"product_cat","embeddable":true,"href":"https:\/\/www.arclite-shop.de\/es\/wp-json\/wp\/v2\/product_cat?post=347597"},{"taxonomy":"product_tag","embeddable":true,"href":"https:\/\/www.arclite-shop.de\/es\/wp-json\/wp\/v2\/product_tag?post=347597"}],"curies":[{"name":"wp","href":"https:\/\/api.w.org\/{rel}","templated":true}]}}