{"id":347423,"date":"2024-10-31T11:35:10","date_gmt":"2024-10-31T10:35:10","guid":{"rendered":"https:\/\/www.arclite-shop.de\/produkt\/119-ae82603-00-90\/"},"modified":"2026-04-18T11:28:48","modified_gmt":"2026-04-18T09:28:48","slug":"119-ae82603-00-90","status":"publish","type":"product","link":"https:\/\/www.arclite-shop.de\/es\/produkt\/119-ae82603-00-90\/","title":{"rendered":"squareCENTURY 445 - Luminarias empotradas angulares blancas abatibles  20W 100\u00b0 2700K CRI92 119-AE82603.00.90"},"content":{"rendered":"<p>Ausschwenkbare LED Einbauleuchte f\u00fcr gehobene Anspr\u00fcche f\u00fcr Retail und Ausstellungen zur Ausleuchtung der Wandfl\u00e4chen. Aluminiumreflektor matt. Geh\u00e4use aus Aluminium-Druckguss, RAL pulverbeschichtet. Hochdurchl\u00e4ssiges Schutzglas. Auschwenkbereich 55\u00b0. Farbtoleranz 3 SDCM. Lichtstromr\u00fcckgang nach 50.000h L80\/B20. Werkzeugloser Einbau durch Federtechnik. Separates, nicht dimmbares Betriebsger\u00e4t. 5 Jahre Garantie. <\/p>\n","protected":false},"excerpt":{"rendered":"<p>Ausschwenkbare LED Einbauleuchte f\u00fcr gehobene Anspr\u00fcche f\u00fcr Retail und Ausstellungen zur Ausleuchtung der Wandfl\u00e4chen. Aluminiumreflektor matt. Geh\u00e4use aus Aluminium-Druckguss, RAL pulverbeschichtet. Hochdurchl\u00e4ssiges Schutzglas. Auschwenkbereich 55\u00b0. Farbtoleranz 3 SDCM. Lichtstromr\u00fcckgang nach 50.000h L80\/B20. Werkzeugloser Einbau durch Federtechnik. Separates, nicht dimmbares Betriebsger\u00e4t.<span class=\"excerpt-hellip\"> [\u2026]<\/span><\/p>\n","protected":false},"featured_media":367852,"template":"","meta":[],"product_brand":[],"product_cat":[86191],"product_tag":[],"class_list":{"0":"post-347423","1":"product","2":"type-product","3":"status-publish","4":"has-post-thumbnail","6":"product_cat-eckige-einbauleuchten-ausschwenkbar","8":"first","9":"instock","10":"taxable","11":"shipping-taxable","12":"product-type-simple"},"_links":{"self":[{"href":"https:\/\/www.arclite-shop.de\/es\/wp-json\/wp\/v2\/product\/347423","targetHints":{"allow":["GET"]}}],"collection":[{"href":"https:\/\/www.arclite-shop.de\/es\/wp-json\/wp\/v2\/product"}],"about":[{"href":"https:\/\/www.arclite-shop.de\/es\/wp-json\/wp\/v2\/types\/product"}],"wp:featuredmedia":[{"embeddable":true,"href":"https:\/\/www.arclite-shop.de\/es\/wp-json\/wp\/v2\/media\/367852"}],"wp:attachment":[{"href":"https:\/\/www.arclite-shop.de\/es\/wp-json\/wp\/v2\/media?parent=347423"}],"wp:term":[{"taxonomy":"product_brand","embeddable":true,"href":"https:\/\/www.arclite-shop.de\/es\/wp-json\/wp\/v2\/product_brand?post=347423"},{"taxonomy":"product_cat","embeddable":true,"href":"https:\/\/www.arclite-shop.de\/es\/wp-json\/wp\/v2\/product_cat?post=347423"},{"taxonomy":"product_tag","embeddable":true,"href":"https:\/\/www.arclite-shop.de\/es\/wp-json\/wp\/v2\/product_tag?post=347423"}],"curies":[{"name":"wp","href":"https:\/\/api.w.org\/{rel}","templated":true}]}}