{"id":347409,"date":"2024-10-31T11:34:59","date_gmt":"2024-10-31T10:34:59","guid":{"rendered":"https:\/\/www.arclite-shop.de\/produkt\/832-aa81768-01-92\/"},"modified":"2026-04-18T11:32:40","modified_gmt":"2026-04-18T09:32:40","slug":"832-aa81768-01-92","status":"publish","type":"product","link":"https:\/\/www.arclite-shop.de\/es\/produkt\/832-aa81768-01-92\/","title":{"rendered":"penCENTURY 1200 BAP - L\u00e1mparas colgantes plateadas 50W 50\u00b0  4000K CRI80 832-AA81768.01.92"},"content":{"rendered":"<p>Hochwertige lineare LED Pendelleuchte f\u00fcr Bildschirmarbeitspl\u00e4tze, mit pr\u00e4zisen Optiken. Geh\u00e4use aus stranggepresstem Aluminium, pulverbeschichtet. f\u00fcr Lichtbandinstallationen geeignet. Montagezubeh\u00f6r im Lieferumfang enthalten. Direkte \/ indirekte Beleuchtung mit speziellen Linsenabdeckungen. 3 Jahre Garantie. Micro-Reflektor Design, UGR &lt; 6. Farbtoleranz 3 SDCM. Lichtstromr\u00fcckgang nach 50.000h L80\/B10. Integriertes Betriebsger\u00e4t. 5 Jahre Garantie. <\/p>\n","protected":false},"excerpt":{"rendered":"<p>Hochwertige lineare LED Pendelleuchte f\u00fcr Bildschirmarbeitspl\u00e4tze, mit pr\u00e4zisen Optiken. Geh\u00e4use aus stranggepresstem Aluminium, pulverbeschichtet. f\u00fcr Lichtbandinstallationen geeignet. Montagezubeh\u00f6r im Lieferumfang enthalten. Direkte \/ indirekte Beleuchtung mit speziellen Linsenabdeckungen. 3 Jahre Garantie. Micro-Reflektor Design, UGR &lt; 6. Farbtoleranz 3 SDCM. Lichtstromr\u00fcckgang<span class=\"excerpt-hellip\"> [\u2026]<\/span><\/p>\n","protected":false},"featured_media":367868,"template":"","meta":[],"product_brand":[],"product_cat":[85855],"product_tag":[],"class_list":{"0":"post-347409","1":"product","2":"type-product","3":"status-publish","4":"has-post-thumbnail","6":"product_cat-pendelleuchten","8":"first","9":"instock","10":"taxable","11":"shipping-taxable","12":"product-type-simple"},"_links":{"self":[{"href":"https:\/\/www.arclite-shop.de\/es\/wp-json\/wp\/v2\/product\/347409","targetHints":{"allow":["GET"]}}],"collection":[{"href":"https:\/\/www.arclite-shop.de\/es\/wp-json\/wp\/v2\/product"}],"about":[{"href":"https:\/\/www.arclite-shop.de\/es\/wp-json\/wp\/v2\/types\/product"}],"wp:featuredmedia":[{"embeddable":true,"href":"https:\/\/www.arclite-shop.de\/es\/wp-json\/wp\/v2\/media\/367868"}],"wp:attachment":[{"href":"https:\/\/www.arclite-shop.de\/es\/wp-json\/wp\/v2\/media?parent=347409"}],"wp:term":[{"taxonomy":"product_brand","embeddable":true,"href":"https:\/\/www.arclite-shop.de\/es\/wp-json\/wp\/v2\/product_brand?post=347409"},{"taxonomy":"product_cat","embeddable":true,"href":"https:\/\/www.arclite-shop.de\/es\/wp-json\/wp\/v2\/product_cat?post=347409"},{"taxonomy":"product_tag","embeddable":true,"href":"https:\/\/www.arclite-shop.de\/es\/wp-json\/wp\/v2\/product_tag?post=347409"}],"curies":[{"name":"wp","href":"https:\/\/api.w.org\/{rel}","templated":true}]}}