{"id":347373,"date":"2024-10-31T11:34:33","date_gmt":"2024-10-31T10:34:33","guid":{"rendered":"https:\/\/www.arclite-shop.de\/produkt\/119-ab81094-00-92\/"},"modified":"2026-04-18T11:40:41","modified_gmt":"2026-04-18T09:40:41","slug":"119-ab81094-00-92","status":"publish","type":"product","link":"https:\/\/www.arclite-shop.de\/es\/produkt\/119-ab81094-00-92\/","title":{"rendered":"roundCENTURY 280 - Luminarias redondeadas empotradas blancas r\u00edgidas  19W 44\u00b0 4000K CRI80 119-AB81094.00.92"},"content":{"rendered":"<p>Robuste LED Einbauleuchte. Geeignet f\u00fcr Au\u00dfenbereiche (IP65 von unten). Klares Schutzglas, im Bajonettring integriert. Reflektor gegl\u00e4nzt und eloxiert. K\u00fchlk\u00f6rper aus stranggepresstem Aluminium eloxiert. Farbtoleranz 3 SDCM. Lichtstromr\u00fcckgang nach 50.000h L80\/B20. Separates, nicht dimmbares Betriebsger\u00e4t. 5 Jahre Garantie. <\/p>\n","protected":false},"excerpt":{"rendered":"<p>Robuste LED Einbauleuchte. Geeignet f\u00fcr Au\u00dfenbereiche (IP65 von unten). Klares Schutzglas, im Bajonettring integriert. Reflektor gegl\u00e4nzt und eloxiert. K\u00fchlk\u00f6rper aus stranggepresstem Aluminium eloxiert. Farbtoleranz 3 SDCM. Lichtstromr\u00fcckgang nach 50.000h L80\/B20. Separates, nicht dimmbares Betriebsger\u00e4t. 5 Jahre Garantie.<\/p>\n","protected":false},"featured_media":367904,"template":"","meta":[],"product_brand":[],"product_cat":[86014],"product_tag":[],"class_list":{"0":"post-347373","1":"product","2":"type-product","3":"status-publish","4":"has-post-thumbnail","6":"product_cat-runde-einbauleuchten-starr","8":"first","9":"instock","10":"taxable","11":"shipping-taxable","12":"product-type-simple"},"_links":{"self":[{"href":"https:\/\/www.arclite-shop.de\/es\/wp-json\/wp\/v2\/product\/347373","targetHints":{"allow":["GET"]}}],"collection":[{"href":"https:\/\/www.arclite-shop.de\/es\/wp-json\/wp\/v2\/product"}],"about":[{"href":"https:\/\/www.arclite-shop.de\/es\/wp-json\/wp\/v2\/types\/product"}],"wp:featuredmedia":[{"embeddable":true,"href":"https:\/\/www.arclite-shop.de\/es\/wp-json\/wp\/v2\/media\/367904"}],"wp:attachment":[{"href":"https:\/\/www.arclite-shop.de\/es\/wp-json\/wp\/v2\/media?parent=347373"}],"wp:term":[{"taxonomy":"product_brand","embeddable":true,"href":"https:\/\/www.arclite-shop.de\/es\/wp-json\/wp\/v2\/product_brand?post=347373"},{"taxonomy":"product_cat","embeddable":true,"href":"https:\/\/www.arclite-shop.de\/es\/wp-json\/wp\/v2\/product_cat?post=347373"},{"taxonomy":"product_tag","embeddable":true,"href":"https:\/\/www.arclite-shop.de\/es\/wp-json\/wp\/v2\/product_tag?post=347373"}],"curies":[{"name":"wp","href":"https:\/\/api.w.org\/{rel}","templated":true}]}}