{"id":347311,"date":"2024-10-31T11:33:50","date_gmt":"2024-10-31T10:33:50","guid":{"rendered":"https:\/\/www.arclite-shop.de\/produkt\/119-ac81763-00-91\/"},"modified":"2026-04-18T11:50:31","modified_gmt":"2026-04-18T09:50:31","slug":"119-ac81763-00-91","status":"publish","type":"product","link":"https:\/\/www.arclite-shop.de\/es\/produkt\/119-ac81763-00-91\/","title":{"rendered":"topCENTURY 315 - Luminarias montadas en superficie blancas r\u00edgidas  40W 65\u00b0 3000K CRI80 119-AC81763.00.91"},"content":{"rendered":"<p>Technische LED Deckenaufbauleuchte f\u00fcr h\u00f6here Deckenh\u00f6hen im Innen- und Au\u00dfenbereich. Stranggepresstes Aluminium-Geh\u00e4use, RAL pulverbeschichtet. K\u00fchlk\u00f6rper aus stranggepresstem Aluminium eloxiert. Bajonettvorrichtung zur Verbindung mit Deckenarmatur. Aluminium-Reflektor mit geringer Blendwirkung. Klares Schutzglas in Blendring integriert. Farbtoleranz 3 SDCM. Lichtstromr\u00fcckgang nach 50.000h L80\/B20. Integriertes, nicht dimmbares Betriebsger\u00e4t. 5 Jahre Garantie. Netto 5185lm<\/p>\n","protected":false},"excerpt":{"rendered":"<p>Technische LED Deckenaufbauleuchte f\u00fcr h\u00f6here Deckenh\u00f6hen im Innen- und Au\u00dfenbereich. Stranggepresstes Aluminium-Geh\u00e4use, RAL pulverbeschichtet. K\u00fchlk\u00f6rper aus stranggepresstem Aluminium eloxiert. Bajonettvorrichtung zur Verbindung mit Deckenarmatur. Aluminium-Reflektor mit geringer Blendwirkung. Klares Schutzglas in Blendring integriert. Farbtoleranz 3 SDCM. Lichtstromr\u00fcckgang nach 50.000h L80\/B20.<span class=\"excerpt-hellip\"> [\u2026]<\/span><\/p>\n","protected":false},"featured_media":367960,"template":"","meta":[],"product_brand":[],"product_cat":[86129],"product_tag":[],"class_list":{"0":"post-347311","1":"product","2":"type-product","3":"status-publish","4":"has-post-thumbnail","6":"product_cat-aufbauleuchten","8":"first","9":"instock","10":"taxable","11":"shipping-taxable","12":"product-type-simple"},"_links":{"self":[{"href":"https:\/\/www.arclite-shop.de\/es\/wp-json\/wp\/v2\/product\/347311","targetHints":{"allow":["GET"]}}],"collection":[{"href":"https:\/\/www.arclite-shop.de\/es\/wp-json\/wp\/v2\/product"}],"about":[{"href":"https:\/\/www.arclite-shop.de\/es\/wp-json\/wp\/v2\/types\/product"}],"wp:featuredmedia":[{"embeddable":true,"href":"https:\/\/www.arclite-shop.de\/es\/wp-json\/wp\/v2\/media\/367960"}],"wp:attachment":[{"href":"https:\/\/www.arclite-shop.de\/es\/wp-json\/wp\/v2\/media?parent=347311"}],"wp:term":[{"taxonomy":"product_brand","embeddable":true,"href":"https:\/\/www.arclite-shop.de\/es\/wp-json\/wp\/v2\/product_brand?post=347311"},{"taxonomy":"product_cat","embeddable":true,"href":"https:\/\/www.arclite-shop.de\/es\/wp-json\/wp\/v2\/product_cat?post=347311"},{"taxonomy":"product_tag","embeddable":true,"href":"https:\/\/www.arclite-shop.de\/es\/wp-json\/wp\/v2\/product_tag?post=347311"}],"curies":[{"name":"wp","href":"https:\/\/api.w.org\/{rel}","templated":true}]}}