{"id":347244,"date":"2024-10-31T11:33:13","date_gmt":"2024-10-31T10:33:13","guid":{"rendered":"https:\/\/www.arclite-shop.de\/produkt\/476-ae82775-01-b\/"},"modified":"2026-04-18T11:59:12","modified_gmt":"2026-04-18T09:59:12","slug":"476-ae82775-01-b","status":"publish","type":"product","link":"https:\/\/www.arclite-shop.de\/es\/produkt\/476-ae82775-01-b\/","title":{"rendered":"trackCENTURY 75C - Foco giratorio de pista plateado 26W 24\u00b0 Blau 476-AE82775.01.B"},"content":{"rendered":"<p>LED-Schienenstrahler mit monochromer Lichtfarbe in Rot, Gr\u00fcn oder Blau. Besonders intensive Lichtfarben. Geeignet f\u00fcr Akzent- und Hintergrundbeleuchtung. Facettierter Reflektor f\u00fcr optimale Lichtverteilung. Klares Schutzglas. Drehbereich 355\u00b0. Schwenkbereich 90\u00b0. \u201cin-trac\u201d 3-Phasen Adapter mit integriertem Betriebsger\u00e4t, flickerfrei. 5 Jahre Garantie. <\/p>\n","protected":false},"excerpt":{"rendered":"<p>LED-Schienenstrahler mit monochromer Lichtfarbe in Rot, Gr\u00fcn oder Blau. Besonders intensive Lichtfarben. Geeignet f\u00fcr Akzent- und Hintergrundbeleuchtung. Facettierter Reflektor f\u00fcr optimale Lichtverteilung. Klares Schutzglas. Drehbereich 355\u00b0. Schwenkbereich 90\u00b0. \u201cin-trac\u201d 3-Phasen Adapter mit integriertem Betriebsger\u00e4t, flickerfrei. 5 Jahre Garantie.<\/p>\n","protected":false},"featured_media":347302,"template":"","meta":[],"product_brand":[],"product_cat":[85769],"product_tag":[],"class_list":{"0":"post-347244","1":"product","2":"type-product","3":"status-publish","4":"has-post-thumbnail","6":"product_cat-schienenstrahler-dreh-schwenkbar","8":"first","9":"instock","10":"taxable","11":"shipping-taxable","12":"product-type-simple"},"_links":{"self":[{"href":"https:\/\/www.arclite-shop.de\/es\/wp-json\/wp\/v2\/product\/347244","targetHints":{"allow":["GET"]}}],"collection":[{"href":"https:\/\/www.arclite-shop.de\/es\/wp-json\/wp\/v2\/product"}],"about":[{"href":"https:\/\/www.arclite-shop.de\/es\/wp-json\/wp\/v2\/types\/product"}],"wp:featuredmedia":[{"embeddable":true,"href":"https:\/\/www.arclite-shop.de\/es\/wp-json\/wp\/v2\/media\/347302"}],"wp:attachment":[{"href":"https:\/\/www.arclite-shop.de\/es\/wp-json\/wp\/v2\/media?parent=347244"}],"wp:term":[{"taxonomy":"product_brand","embeddable":true,"href":"https:\/\/www.arclite-shop.de\/es\/wp-json\/wp\/v2\/product_brand?post=347244"},{"taxonomy":"product_cat","embeddable":true,"href":"https:\/\/www.arclite-shop.de\/es\/wp-json\/wp\/v2\/product_cat?post=347244"},{"taxonomy":"product_tag","embeddable":true,"href":"https:\/\/www.arclite-shop.de\/es\/wp-json\/wp\/v2\/product_tag?post=347244"}],"curies":[{"name":"wp","href":"https:\/\/api.w.org\/{rel}","templated":true}]}}