{"id":343569,"date":"2024-10-31T10:47:19","date_gmt":"2024-10-31T09:47:19","guid":{"rendered":"https:\/\/www.arclite-shop.de\/produkt\/752-tb41265-00-56-69\/"},"modified":"2026-04-18T16:01:24","modified_gmt":"2026-04-18T14:01:24","slug":"752-tb41265-00-56-69","status":"publish","type":"product","link":"https:\/\/www.arclite-shop.de\/es\/produkt\/752-tb41265-00-56-69\/","title":{"rendered":"cuadradoFFECT 625 BAP - BLE Human Centric Lighting blanco 50W 80\u00b0 1800-16000K\/RGB CRI90 752-TB41265.00.56.69"},"content":{"rendered":"<p>Hochwertiges LED Flachpanel f\u00fcr Allgemeinbeleuchtung und Bildschirmarbeitspl\u00e4tzen f\u00fcr anspruchsvolle biorhythmische Lichtl\u00f6sungen. Geeignet f\u00fcr Einlege-, Einbau-, Aufbau- und Pendelmontage. Passend f\u00fcr Rasterdecken Modul 625&#215;625. Verbesserte Konzentration und erh\u00f6hte Leistungsf\u00e4higkeit am Arbeitsplatz. Hocheffiziente und blendreduzierte Mikroprismenabdeckung UGR &lt; 19. Farbtemperatur 1.800 K bis 16.000 K mit hoher Farbortstabilit\u00e4t. Individuelle Ansteuerung aller RGBW-Farben innerhalb des PI-LED Farbraumes. Farbtoleranz 4 SDCM, Farbwiedergabe CRI 90 (4.000K). Lichtstromr\u00fcckgang nach 50.000h L80\/B10. Dimmbereich 1-100%, RGB 0-100%. Installationszubeh\u00f6r separat zu bestellen. Bei Verwendung des Einbaurahmens ist eine Mindesteinbautiefe von 200 mm erforderlich. Mindesteinbautiefe von 100 mm bei Verwendung als Einlegeleuchte. Integriertes, nicht dimmbares Betriebsger\u00e4t. 5 Jahre Garantie. Netto 4100lm. Bluetooth CASAMBI Steuerung<\/p>\n","protected":false},"excerpt":{"rendered":"<p>Hochwertiges LED Flachpanel f\u00fcr Allgemeinbeleuchtung und Bildschirmarbeitspl\u00e4tzen f\u00fcr anspruchsvolle biorhythmische Lichtl\u00f6sungen. Geeignet f\u00fcr Einlege-, Einbau-, Aufbau- und Pendelmontage. Passend f\u00fcr Rasterdecken Modul 625&#215;625. Verbesserte Konzentration und erh\u00f6hte Leistungsf\u00e4higkeit am Arbeitsplatz. Hocheffiziente und blendreduzierte Mikroprismenabdeckung UGR &lt; 19. Farbtemperatur 1.800 K<span class=\"excerpt-hellip\"> [\u2026]<\/span><\/p>\n","protected":false},"featured_media":368048,"template":"","meta":[],"product_brand":[],"product_cat":[85554],"product_tag":[],"class_list":{"0":"post-343569","1":"product","2":"type-product","3":"status-publish","4":"has-post-thumbnail","6":"product_cat-human-centric-lighting","8":"first","9":"instock","10":"taxable","11":"shipping-taxable","12":"product-type-simple"},"_links":{"self":[{"href":"https:\/\/www.arclite-shop.de\/es\/wp-json\/wp\/v2\/product\/343569","targetHints":{"allow":["GET"]}}],"collection":[{"href":"https:\/\/www.arclite-shop.de\/es\/wp-json\/wp\/v2\/product"}],"about":[{"href":"https:\/\/www.arclite-shop.de\/es\/wp-json\/wp\/v2\/types\/product"}],"wp:featuredmedia":[{"embeddable":true,"href":"https:\/\/www.arclite-shop.de\/es\/wp-json\/wp\/v2\/media\/368048"}],"wp:attachment":[{"href":"https:\/\/www.arclite-shop.de\/es\/wp-json\/wp\/v2\/media?parent=343569"}],"wp:term":[{"taxonomy":"product_brand","embeddable":true,"href":"https:\/\/www.arclite-shop.de\/es\/wp-json\/wp\/v2\/product_brand?post=343569"},{"taxonomy":"product_cat","embeddable":true,"href":"https:\/\/www.arclite-shop.de\/es\/wp-json\/wp\/v2\/product_cat?post=343569"},{"taxonomy":"product_tag","embeddable":true,"href":"https:\/\/www.arclite-shop.de\/es\/wp-json\/wp\/v2\/product_tag?post=343569"}],"curies":[{"name":"wp","href":"https:\/\/api.w.org\/{rel}","templated":true}]}}