{"id":343558,"date":"2024-10-31T10:47:11","date_gmt":"2024-10-31T09:47:11","guid":{"rendered":"https:\/\/www.arclite-shop.de\/produkt\/476-tc40378-00-56-69\/"},"modified":"2026-04-18T16:03:19","modified_gmt":"2026-04-18T14:03:19","slug":"476-tc40378-00-56-69","status":"publish","type":"product","link":"https:\/\/www.arclite-shop.de\/es\/produkt\/476-tc40378-00-56-69\/","title":{"rendered":"trackFFECT 5 - BLE Iluminaci\u00f3n Centrada en el Ser Humano giratorio blanco 36W 25\u00b0 1800-16000K\/RGB CRI90 476-TC40378.00.56.69"},"content":{"rendered":"<p>Kardanische LED Einbauleuchte f\u00fcr anspruchsvolle biorhythmische Lichtl\u00f6sungen. Hochdurchl\u00e4ssiges Schutzglas. Hocheffizienter, segmentierter Reflektor. Schwenkbereich 30\u00b0. Farbtemperatur 1.800 K bis 16.000 K mit hoher Farbortstabilit\u00e4t. Farbtemperatur entlang der Planckschen Kurve. Individuelle Ansteuerung aller RGBW-Farben innerhalb des PI-LED Farbraumes. Farbtoleranz 4 SDCM, Farbwiedergabe CRI 90 (4.000K). Lichtstromr\u00fcckgang nach 50.000h L80\/B10. Lichtstromr\u00fcckgang nach 66.000h L90\/B10. 5 Jahre Garantie. Bluetooth CASAMBI Steuerung<\/p>\n","protected":false},"excerpt":{"rendered":"<p>Kardanische LED Einbauleuchte f\u00fcr anspruchsvolle biorhythmische Lichtl\u00f6sungen. Hochdurchl\u00e4ssiges Schutzglas. Hocheffizienter, segmentierter Reflektor. Schwenkbereich 30\u00b0. Farbtemperatur 1.800 K bis 16.000 K mit hoher Farbortstabilit\u00e4t. Farbtemperatur entlang der Planckschen Kurve. Individuelle Ansteuerung aller RGBW-Farben innerhalb des PI-LED Farbraumes. Farbtoleranz 4 SDCM, Farbwiedergabe<span class=\"excerpt-hellip\"> [\u2026]<\/span><\/p>\n","protected":false},"featured_media":368054,"template":"","meta":[],"product_brand":[],"product_cat":[85554],"product_tag":[],"class_list":{"0":"post-343558","1":"product","2":"type-product","3":"status-publish","4":"has-post-thumbnail","6":"product_cat-human-centric-lighting","8":"first","9":"instock","10":"taxable","11":"shipping-taxable","12":"product-type-simple"},"_links":{"self":[{"href":"https:\/\/www.arclite-shop.de\/es\/wp-json\/wp\/v2\/product\/343558","targetHints":{"allow":["GET"]}}],"collection":[{"href":"https:\/\/www.arclite-shop.de\/es\/wp-json\/wp\/v2\/product"}],"about":[{"href":"https:\/\/www.arclite-shop.de\/es\/wp-json\/wp\/v2\/types\/product"}],"wp:featuredmedia":[{"embeddable":true,"href":"https:\/\/www.arclite-shop.de\/es\/wp-json\/wp\/v2\/media\/368054"}],"wp:attachment":[{"href":"https:\/\/www.arclite-shop.de\/es\/wp-json\/wp\/v2\/media?parent=343558"}],"wp:term":[{"taxonomy":"product_brand","embeddable":true,"href":"https:\/\/www.arclite-shop.de\/es\/wp-json\/wp\/v2\/product_brand?post=343558"},{"taxonomy":"product_cat","embeddable":true,"href":"https:\/\/www.arclite-shop.de\/es\/wp-json\/wp\/v2\/product_cat?post=343558"},{"taxonomy":"product_tag","embeddable":true,"href":"https:\/\/www.arclite-shop.de\/es\/wp-json\/wp\/v2\/product_tag?post=343558"}],"curies":[{"name":"wp","href":"https:\/\/api.w.org\/{rel}","templated":true}]}}