{"id":343438,"date":"2024-10-31T10:43:01","date_gmt":"2024-10-31T09:43:01","guid":{"rendered":"https:\/\/www.arclite-shop.de\/produkt\/873-aa1100250\/"},"modified":"2026-04-18T16:15:02","modified_gmt":"2026-04-18T14:15:02","slug":"873-aa1100250","status":"publish","type":"product","link":"https:\/\/www.arclite-shop.de\/es\/produkt\/873-aa1100250\/","title":{"rendered":"Suspensi\u00f3n de cuerda configurada para squareCENTURY 625BAP AA1100250"},"content":{"rendered":"<p>Montagekit f\u00fcr Pendelversion. Bestehend aus 4 Befestigungswinkeln, inkl. Schrauben, Drahtseilen zur Abh\u00e4ngung mit Justierungselement.<\/p>\n","protected":false},"excerpt":{"rendered":"<p>Montagekit f\u00fcr Pendelversion. Bestehend aus 4 Befestigungswinkeln, inkl. Schrauben, Drahtseilen zur Abh\u00e4ngung mit Justierungselement.<\/p>\n","protected":false},"featured_media":368092,"template":"","meta":[],"product_brand":[],"product_cat":[84591],"product_tag":[],"class_list":{"0":"post-343438","1":"product","2":"type-product","3":"status-publish","4":"has-post-thumbnail","6":"product_cat-mechanisches-zubehoer-ersatzteile-fuer-leuchten","8":"first","9":"instock","10":"taxable","11":"shipping-taxable","12":"product-type-simple"},"_links":{"self":[{"href":"https:\/\/www.arclite-shop.de\/es\/wp-json\/wp\/v2\/product\/343438","targetHints":{"allow":["GET"]}}],"collection":[{"href":"https:\/\/www.arclite-shop.de\/es\/wp-json\/wp\/v2\/product"}],"about":[{"href":"https:\/\/www.arclite-shop.de\/es\/wp-json\/wp\/v2\/types\/product"}],"wp:featuredmedia":[{"embeddable":true,"href":"https:\/\/www.arclite-shop.de\/es\/wp-json\/wp\/v2\/media\/368092"}],"wp:attachment":[{"href":"https:\/\/www.arclite-shop.de\/es\/wp-json\/wp\/v2\/media?parent=343438"}],"wp:term":[{"taxonomy":"product_brand","embeddable":true,"href":"https:\/\/www.arclite-shop.de\/es\/wp-json\/wp\/v2\/product_brand?post=343438"},{"taxonomy":"product_cat","embeddable":true,"href":"https:\/\/www.arclite-shop.de\/es\/wp-json\/wp\/v2\/product_cat?post=343438"},{"taxonomy":"product_tag","embeddable":true,"href":"https:\/\/www.arclite-shop.de\/es\/wp-json\/wp\/v2\/product_tag?post=343438"}],"curies":[{"name":"wp","href":"https:\/\/api.w.org\/{rel}","templated":true}]}}