{"id":343431,"date":"2024-10-31T10:42:57","date_gmt":"2024-10-31T09:42:57","guid":{"rendered":"https:\/\/www.arclite-shop.de\/produkt\/873-cv25w24cg\/"},"modified":"2026-04-18T16:16:17","modified_gmt":"2026-04-18T14:16:17","slug":"873-cv25w24cg","status":"publish","type":"product","link":"https:\/\/www.arclite-shop.de\/es\/produkt\/873-cv25w24cg\/","title":{"rendered":"Controlador LED KGP voltaje constante 220-240V, 50-60Hz, 24V, dimmable -triac, IP20 CV25W24CG"},"content":{"rendered":"<p>Konstantspannung LED-Treiber, Triac Dimmung 10%-100%, Nur f\u00fcr Innenbereich, 85% Effizienz, Ausgangsspannung 24V, Ausgangsstrom 100-1040mA, Ausgangsleistung max.50W, \u00dcberlastschutz, Kurzschlussschutz, Leerlaufschutz, \u00dcbertemperaturschutz, 5 Jahre Garantie<\/p>\n","protected":false},"excerpt":{"rendered":"<p>Konstantspannung LED-Treiber, Triac Dimmung 10%-100%, Nur f\u00fcr Innenbereich, 85% Effizienz, Ausgangsspannung 24V, Ausgangsstrom 100-1040mA, Ausgangsleistung max.50W, \u00dcberlastschutz, Kurzschlussschutz, Leerlaufschutz, \u00dcbertemperaturschutz, 5 Jahre Garantie<\/p>\n","protected":false},"featured_media":368098,"template":"","meta":[],"product_brand":[],"product_cat":[84631],"product_tag":[],"class_list":{"0":"post-343431","1":"product","2":"type-product","3":"status-publish","4":"has-post-thumbnail","6":"product_cat-led-betriebsgeraet","8":"first","9":"instock","10":"taxable","11":"shipping-taxable","12":"product-type-simple"},"_links":{"self":[{"href":"https:\/\/www.arclite-shop.de\/es\/wp-json\/wp\/v2\/product\/343431","targetHints":{"allow":["GET"]}}],"collection":[{"href":"https:\/\/www.arclite-shop.de\/es\/wp-json\/wp\/v2\/product"}],"about":[{"href":"https:\/\/www.arclite-shop.de\/es\/wp-json\/wp\/v2\/types\/product"}],"wp:featuredmedia":[{"embeddable":true,"href":"https:\/\/www.arclite-shop.de\/es\/wp-json\/wp\/v2\/media\/368098"}],"wp:attachment":[{"href":"https:\/\/www.arclite-shop.de\/es\/wp-json\/wp\/v2\/media?parent=343431"}],"wp:term":[{"taxonomy":"product_brand","embeddable":true,"href":"https:\/\/www.arclite-shop.de\/es\/wp-json\/wp\/v2\/product_brand?post=343431"},{"taxonomy":"product_cat","embeddable":true,"href":"https:\/\/www.arclite-shop.de\/es\/wp-json\/wp\/v2\/product_cat?post=343431"},{"taxonomy":"product_tag","embeddable":true,"href":"https:\/\/www.arclite-shop.de\/es\/wp-json\/wp\/v2\/product_tag?post=343431"}],"curies":[{"name":"wp","href":"https:\/\/api.w.org\/{rel}","templated":true}]}}