{"id":343430,"date":"2024-10-31T10:42:56","date_gmt":"2024-10-31T09:42:56","guid":{"rendered":"https:\/\/www.arclite-shop.de\/produkt\/873-cv50w24cg\/"},"modified":"2026-04-18T16:16:21","modified_gmt":"2026-04-18T14:16:21","slug":"873-cv50w24cg","status":"publish","type":"product","link":"https:\/\/www.arclite-shop.de\/es\/produkt\/873-cv50w24cg\/","title":{"rendered":"Controlador LED KGP voltaje constante 220-240V, 50-60Hz, 24V, dimmable -triac, IP20 CV50W24CG"},"content":{"rendered":"<p>Konstantspannung LED-Treiber, Triac Dimmung 10%-100%, Nur f\u00fcr Innenbereich, 85% Effizienz, Ausgangsspannung 24V, Ausgangsstrom 500-2080mA, Ausgangsleistung max.25W, \u00dcberlastschutz, Kurzschlussschutz, Leerlaufschutz, \u00dcbertemperaturschutz, 5 Jahre Garantie.<\/p>\n","protected":false},"excerpt":{"rendered":"<p>Konstantspannung LED-Treiber, Triac Dimmung 10%-100%, Nur f\u00fcr Innenbereich, 85% Effizienz, Ausgangsspannung 24V, Ausgangsstrom 500-2080mA, Ausgangsleistung max.25W, \u00dcberlastschutz, Kurzschlussschutz, Leerlaufschutz, \u00dcbertemperaturschutz, 5 Jahre Garantie.<\/p>\n","protected":false},"featured_media":368102,"template":"","meta":[],"product_brand":[],"product_cat":[84631],"product_tag":[],"class_list":{"0":"post-343430","1":"product","2":"type-product","3":"status-publish","4":"has-post-thumbnail","6":"product_cat-led-betriebsgeraet","8":"first","9":"instock","10":"taxable","11":"shipping-taxable","12":"product-type-simple"},"_links":{"self":[{"href":"https:\/\/www.arclite-shop.de\/es\/wp-json\/wp\/v2\/product\/343430","targetHints":{"allow":["GET"]}}],"collection":[{"href":"https:\/\/www.arclite-shop.de\/es\/wp-json\/wp\/v2\/product"}],"about":[{"href":"https:\/\/www.arclite-shop.de\/es\/wp-json\/wp\/v2\/types\/product"}],"wp:featuredmedia":[{"embeddable":true,"href":"https:\/\/www.arclite-shop.de\/es\/wp-json\/wp\/v2\/media\/368102"}],"wp:attachment":[{"href":"https:\/\/www.arclite-shop.de\/es\/wp-json\/wp\/v2\/media?parent=343430"}],"wp:term":[{"taxonomy":"product_brand","embeddable":true,"href":"https:\/\/www.arclite-shop.de\/es\/wp-json\/wp\/v2\/product_brand?post=343430"},{"taxonomy":"product_cat","embeddable":true,"href":"https:\/\/www.arclite-shop.de\/es\/wp-json\/wp\/v2\/product_cat?post=343430"},{"taxonomy":"product_tag","embeddable":true,"href":"https:\/\/www.arclite-shop.de\/es\/wp-json\/wp\/v2\/product_tag?post=343430"}],"curies":[{"name":"wp","href":"https:\/\/api.w.org\/{rel}","templated":true}]}}